{"id":710,"date":"2016-06-20T09:59:36","date_gmt":"2016-06-20T09:59:36","guid":{"rendered":"http:\/\/assemble.edge-themes.com\/?page_id=710"},"modified":"2025-10-01T10:51:59","modified_gmt":"2025-10-01T08:51:59","slug":"vita","status":"publish","type":"page","link":"https:\/\/anneliese.neudecker.net\/index.php\/vita\/","title":{"rendered":"Vita"},"content":{"rendered":"<div class=\"wpb-content-wrapper\"><p>[vc_row content_text_aligment=&#8220;&#8220; use_row_as_full_screen_section=&#8220;no&#8220; css=&#8220;.vc_custom_1642497684762{padding-top: 67px !important;padding-bottom: 18px !important;}&#8220;][vc_column][vc_row_inner row_content_width=&#8220;grid&#8220; content_text_aligment=&#8220;&#8220; css=&#8220;.vc_custom_1466607936538{margin-right: -20px !important;margin-left: -20px !important;}&#8220;][vc_column_inner css=&#8220;.vc_custom_1468416140285{padding-right: 20px !important;padding-left: 20px !important;}&#8220; offset=&#8220;vc_col-lg-5&#8243;]<div class=\"edgtf-elements-holder edgtf-one-column edgtf-responsive-mode-768\" ><div class=\"edgtf-eh-item edgtf-vertical-alignment-middle edgtf-horizontal-alignment-left\" style=\"background-image: url(https:\/\/anneliese.neudecker.net\/wp-content\/uploads\/2025\/09\/2023-09-Portraits-Anneliese-by-Nikki-Harris-7c-scaled.jpg)\" data-item-class=\"edgtf-eh-custom-307759\">\n\t<div class=\"edgtf-eh-item-inner\">\n\t\t<div class=\"edgtf-eh-item-content edgtf-eh-custom-307759\" style=\"padding: 61% 0 49% 0\">\n\t\t\t[vc_empty_space height=&#8220;10&#8243;]\t\t<\/div>\n\t<\/div>\n<\/div><\/div>[vc_column_text css=&#8220;.vc_custom_1642496707905{margin-top: -15px !important;}&#8220;]<span style=\"font-size: 12px;\">Foto: Nikki Harris<\/span>[\/vc_column_text][\/vc_column_inner][vc_column_inner css=&#8220;.vc_custom_1468416147212{padding-right: 20px !important;padding-left: 20px !important;}&#8220; offset=&#8220;vc_col-lg-7&#8243;][vc_column_text css=&#8220;.vc_custom_1759308362896{margin-top: -15px !important;}&#8220;]Anneliese Neudecker, geboren 1984 in Wien, studierte B\u00fchnengestaltung an der Akademie der bildenden K\u00fcnste Wien in der Meisterklasse f\u00fcr Szenografie bei Professor Erich Wonder.<br \/>\nEs folgten Assistenzen bei den Salzburger Festspielen, an der Volksoper Wien, am Residenztheater M\u00fcnchen, an der Op\u00e9ra de Lyon, am Berliner Ensemble und am Opernhaus Z\u00fcrich.<br \/>\nVon 2011 bis 2013 war sie als Ausstattungsleiterin am M\u00fcnchner Residenztheater unter der Intendanz von Martin Ku\u0161ej t\u00e4tig.<br \/>\nSeitdem arbeitet sie als freischaffende B\u00fchnenbildnerin an verschiedenen Theater- und Opernh\u00e4usern, unter anderem bei den Salzburger Festspielen, bei den Bayreuther Festspielen, an der Korea National Opera, an der Nouvel Op\u00e9ra Fribourg, an der Opera Zuid Maastricht, am Staatstheater Karlsruhe, am Staatstheater Darmstadt, am Schauspiel Frankfurt, am Theater Magdeburg, am Landestheater Linz, am slowenischen Nationaltheater, am Residenztheater M\u00fcnchen und am Wiener Burgtheater.[\/vc_column_text][vc_empty_space height=&#8220;30&#8243;][vc_column_text css=&#8220;&#8220;]Anneliese Neudecker, born in Vienna in 1984, studied set design in Professor Erich Wonder\u2019s master class for scenography at the Academy of Fine Arts Vienna.<br \/>\nFollowing her studies she worked as an assistant directorial designer at the Salzburger Festspiele, Wiener Volksoper, Residenztheater M\u00fcnchen, Op\u00e9ra de Lyon and the Opernhaus Z\u00fcrich.<br \/>\nFrom 2011 to 2013, she worked under the artistic direction of Martin Ku\u0161ej at the Residenztheater M\u00fcnchen as head of the set design department.<br \/>\nSince then she designs sets for various theatres, including the Salzburger Festspiele, Bayreuther Festspiele, Korea National Opera, Nouvel Op\u00e9ra Fribourg, Opera Zuid Maastricht, Staatstheater Karlsruhe, Staatstheater Darmstadt, Schauspiel Frankfurt, Theater Magdeburg, Landestheater Linz, Slovenian National Theatre, Residenztheater M\u00fcnchen, and the Burgtheater Vienna.[\/vc_column_text][\/vc_column_inner][\/vc_row_inner][\/vc_column][\/vc_row][vc_row content_text_aligment=&#8220;left&#8220; use_row_as_full_screen_section=&#8220;no&#8220; css=&#8220;.vc_custom_1639598871290{padding-top: 10px !important;padding-bottom: 38px !important;background-color: #f9f9f9 !important;}&#8220;][vc_column][vc_column_text css=&#8220;&#8220;]<\/p>\n<div class=\"vitatbldiv\">\n<table class=\"vitatbl alignleft\" style=\"height: 1018px;\" width=\"1008\">\n<tbody>\n<tr>\n<td>2025<\/td>\n<td><a href=\"https:\/\/anneliese.neudecker.net\/index.php\/portfolio-item\/queens-nest-i-neue-staatsoper-2025\/\">QUEENS NEST | Neue Staatsoper | B\u00fchnenbild und Kost\u00fcme | Regie: Anja Sczilinski<\/a><br \/>\n<a href=\"https:\/\/anneliese.neudecker.net\/index.php\/portfolio-item\/salome-theater-magdeburg-2025\/\">SALOME | Theater Magdeburg | B\u00fchnenbild | Regie: Julien Chavaz<\/a><\/td>\n<\/tr>\n<tr>\n<td>2024<\/td>\n<td><a href=\"https:\/\/anneliese.neudecker.net\/index.php\/portfolio-item\/woyzeck-teatro-stabile-sloveno-trieste-2024\/\">WOYZECK | Teatro Stabile Sloveno Trieste | B\u00fchnenbild | Regie: Igor Pison<\/a><br \/>\n<a href=\"https:\/\/anneliese.neudecker.net\/index.php\/portfolio-item\/die-tote-stadt-korea-national-opera-2024\/\">DIE TOTE STADT | Korea National Opera | B\u00fchnenbild | Regie: Julien Chavaz<\/a><br \/>\n<a href=\"https:\/\/anneliese.neudecker.net\/index.php\/portfolio-item\/ausloeschung-staatstheater-darmstadt-2024\/\">AUSL\u00d6SCHUNG. EIN ZERFALL | Staatstheater Darmstadt | B\u00fchnenbild | Regie: Felix Metzner<\/a><br \/>\n<a href=\"https:\/\/anneliese.neudecker.net\/index.php\/portfolio-item\/the-american-dream-nationaltheater-ljubljana-2024\/\"><span style=\"font-family: inherit; font-size: inherit;\">THE AMERICAN DREAM | Nationaltheater Ljubljana | B\u00fchnenbild und Kost\u00fcme | Regie: Igor Pison<\/span><\/a><\/td>\n<\/tr>\n<tr>\n<td>2023<\/td>\n<td><a href=\"https:\/\/anneliese.neudecker.net\/index.php\/portfolio-item\/liebe-gruesse-burgtheater-2023\/\">LIEBE GR\u00dcSSE | Burgtheater | B\u00fchnenbild | Regie: Anja Sczilinski<\/a><br \/>\n<a href=\"https:\/\/anneliese.neudecker.net\/index.php\/portfolio-item\/mephisto-staatstheater-karlsruhe-2023\/\">MEPHISTO | Staatstheater Karlsruhe | B\u00fchnenbild | Regie: Nils Strunk<\/a><br \/>\n<a href=\"https:\/\/anneliese.neudecker.net\/index.php\/portfolio-item\/schnee-weiss-landestheater-linz-2023\/\">SCHNEE WEISS | Landestheater Linz | B\u00fchnenbild | Regie: Katrin Pl\u00f6tner<\/a><br \/>\n<a href=\"https:\/\/anneliese.neudecker.net\/index.php\/portfolio-item\/alice-im-wunderland-theater-magdeburg-2023\/\">ALICE IM WUNDERLAND | Theater Magdeburg | B\u00fchnenbild | Regie: Julien Chavaz<\/a><br \/>\n<a href=\"https:\/\/anneliese.neudecker.net\/index.php\/portfolio-item\/die-zauberfloete-burgtheater-2023\/\">DIE ZAUBERFL\u00d6TE | Burgtheater | B\u00fchnenbild | Regie und Musik: Nils Strunk<\/a><br \/>\n<a href=\"https:\/\/anneliese.neudecker.net\/index.php\/portfolio-item\/identitti-theater-phoenix-2023\/\">IDENTITTI | Theater Ph\u00f6nix | B\u00fchnenbild | Regie: Martina Gredler<\/a><\/td>\n<\/tr>\n<tr>\n<td>2022<\/td>\n<td><a href=\"https:\/\/anneliese.neudecker.net\/index.php\/portfolio-item\/wutschweiger-burgtheater-2022\/\">WUTSCHWEIGER | Burgtheater | B\u00fchnenbild und Kost\u00fcme | Regie: Anja Sczilinski<\/a><\/td>\n<\/tr>\n<tr>\n<td>2021<\/td>\n<td><a href=\"https:\/\/anneliese-dev.neudecker.net\/index.php\/portfolio-item\/monster-burgtheater-2021-2\/\">MONSTER | Burgtheater | B\u00fchnenbild | Regie: Felix Metzner<\/a><br \/>\n<a href=\"https:\/\/anneliese-dev.neudecker.net\/index.php\/portfolio-item\/romeo-et-juliette-opera-zuid\/\">ROM\u00c9O ET JULIETTE | Opera Zuid Maastricht | B\u00fchnenbild | Regie: Julien Chavaz<\/a><br \/>\n<a href=\"https:\/\/anneliese-dev.neudecker.net\/index.php\/portfolio-item\/powder-her-face-nouvel-opera-fribourg-i-athenee-theatre-paris-2021\/\">POWDER HER FACE | Nouvel Op\u00e9ra Fribourg | Ath\u00e9n\u00e9e Th\u00e9\u00e2tre Paris | B\u00fchnenbild | Regie: Julien Chavaz<\/a><br \/>\n<a href=\"https:\/\/anneliese-dev.neudecker.net\/index.php\/portfolio-item\/pelleas-et-melisande-nouvel-opera-fribourg-i-athenee-theatre-paris-2021\/\">PELL\u00c9AS et M\u00c9LISANDE | Nouvel Op\u00e9ra Fribourg | Ath\u00e9n\u00e9e Th\u00e9\u00e2tre Paris | B\u00fchnenbild | Regie: Julien Chavaz + Nicole Morel<\/a><br \/>\n<a href=\"https:\/\/anneliese-dev.neudecker.net\/index.php\/portfolio-item\/dickhaeuter-salzburger-festspiele-2021\/\">DICKH\u00c4UTER | Salzburger Festspiele | B\u00fchnenbild und Kost\u00fcme | Regie: Andreas Steudtner<\/a><br \/>\nDIE ZERTRENNLICHEN | Salzburger Festspiele | B\u00fchnenbild | Regie: Maria Sendlhofer<\/td>\n<\/tr>\n<tr>\n<td>2020<\/td>\n<td><a href=\"https:\/\/anneliese-dev.neudecker.net\/index.php\/portfolio-item\/nathan-der-weise-landestheater-linz-2020\/\">NATHAN DER WEISE | Landestheater Linz | B\u00fchnenbild | Regie: Katrin Pl\u00f6tner<\/a><br \/>\n<a href=\"https:\/\/anneliese-dev.neudecker.net\/index.php\/portfolio-item\/kriegerin-burgtheater-2020\/\">KRIEGERIN | Burgtheater | B\u00fchnenbild | Regie: Anja Sczilinski<\/a><\/td>\n<\/tr>\n<tr>\n<td>2019<\/td>\n<td><a href=\"https:\/\/anneliese-dev.neudecker.net\/index.php\/portfolio-item\/waisen-burgtheater-2019\/\">WAISEN | Burgtheater | Kost\u00fcme | Regie: Christina Gegenbauer<\/a><\/td>\n<\/tr>\n<tr>\n<td>2017<\/td>\n<td><a href=\"https:\/\/anneliese-dev.neudecker.net\/index.php\/portfolio-item\/fuer-immer-schoen-residenztheater-2017\/\">F\u00dcR IMMER SCH\u00d6N | Residenztheater | B\u00fchnenbild | Regie: Katrin Pl\u00f6tner<\/a><br \/>\n<a href=\"https:\/\/anneliese-dev.neudecker.net\/index.php\/portfolio-item\/kasimir-und-karoline-salzburger-festspiele-2017\/\">KASIMIR UND KAROLINE | Salzburger Festspiele | B\u00fchnenbild und Kost\u00fcme | Regie: 600Highwaymen<\/a><br \/>\n<a href=\"https:\/\/anneliese-dev.neudecker.net\/index.php\/portfolio-item\/leben-des-galilei-landestheater-linz-2017\/\">LEBEN DES GALILEI | Landestheater Linz | B\u00fchnenbild | Regie: Katrin Pl\u00f6tner<\/a><br \/>\n<a href=\"https:\/\/anneliese-dev.neudecker.net\/index.php\/portfolio-item\/willkommen-in-deutschland-schauspiel-frankfurt-2017\/\">WILLKOMMEN IN DEUTSCHLAND | Schauspiel Frankfurt | B\u00fchnenbild | Regie: Katrin Pl\u00f6tner<\/a><\/td>\n<\/tr>\n<tr>\n<td>2016<\/td>\n<td><a href=\"https:\/\/anneliese-dev.neudecker.net\/index.php\/portfolio-item\/jugend-ohne-gott-staatstheater-meiningen-2016\/\">JUGEND OHNE GOTT | Staatstheater Meiningen | B\u00fchnenbild und Kost\u00fcme | Regie: Martina Gredler<\/a><br \/>\n<a href=\"https:\/\/anneliese-dev.neudecker.net\/index.php\/portfolio-item\/tod-eines-handlungsreisenden-mainfranken-theater-wuerzburg-2016\/\">TOD EINES HANDLUNGSREISENDEN | Mainfranken Theater W\u00fcrzburg | B\u00fchnenbild | Regie: Katrin Pl\u00f6tner<\/a><\/td>\n<\/tr>\n<tr>\n<td>2015<\/td>\n<td><a href=\"https:\/\/anneliese-dev.neudecker.net\/index.php\/portfolio-item\/pest-theater-regensburg-2015\/\">PEST | Theater Regensburg | B\u00fchnenbild | Regie: Katrin Pl\u00f6tner<\/a><br \/>\n<a href=\"https:\/\/anneliese-dev.neudecker.net\/index.php\/portfolio-item\/hin-und-her-schauspiel-frankfurt-2015\/\">HIN UND HER | Schauspiel Frankfurt | B\u00fchnenbild | Regie: Katrin Pl\u00f6tner<\/a><br \/>\n<a href=\"https:\/\/anneliese-dev.neudecker.net\/index.php\/portfolio-item\/parsifal-bayreuther-festspiele-2015\/\">PARSIFAL &#8211; f\u00fcr Kinder | Bayreuther Festspiele | B\u00fchnenbild und Produktion | Regie: Tristan Braun<\/a><br \/>\n<a href=\"https:\/\/anneliese-dev.neudecker.net\/index.php\/portfolio-item\/playboy-staatstheater-augsburg-2015\/\">PLAYBOY | Staatstheater Augsburg | B\u00fchnenbild und Kost\u00fcme | Regie: Katrin Pl\u00f6tner<\/a><\/td>\n<\/tr>\n<tr>\n<td>2014<\/td>\n<td>DON GIOVIANNI | Komische Oper Berlin | B\u00fchnenbildmitarbeit | Regie und B\u00fchne: Herbert Fritsch<br \/>\n<a href=\"https:\/\/anneliese-dev.neudecker.net\/index.php\/portfolio-item\/woyzeck-theater-regensburg-2014\/\">WOYZECK | Theater Regensburg | B\u00fchnenbild | Regie: Katrin Pl\u00f6tner<\/a><br \/>\n<a href=\"https:\/\/anneliese-dev.neudecker.net\/index.php\/portfolio-item\/horace-landestheater-niederoesterreich-2014\/\">HORACE | Landestheater Nieder\u00f6sterreich | B\u00fchnenbild | Regie: Katrin Pl\u00f6tner<\/a><br \/>\n<a href=\"https:\/\/anneliese-dev.neudecker.net\/index.php\/portfolio-item\/die-katze-auf-dem-heissen-blechdach-theater-regensburg-2014\/\">DIE KATZE AUF DEM HEISSEN BLECHDACH | Theater Regensburg | B\u00fchnenbild | Regie: Robin Telfer<\/a><\/td>\n<\/tr>\n<tr>\n<td>2013<\/td>\n<td><a href=\"https:\/\/anneliese-dev.neudecker.net\/index.php\/portfolio-item\/alexander-kluge-nordharzer-staedtebundtheater-2013\/\">ALEXANDER KLUGE \u2013 Hoffnung und Widerstand | Nordharzer St\u00e4dtebundtheater | B\u00fchnenbild und Kost\u00fcme | Regie: Katrin Pl\u00f6tner<\/a><br \/>\n<a href=\"https:\/\/anneliese-dev.neudecker.net\/index.php\/portfolio-item\/romeo-und-julia-theater-regensburg-2013\/\">ROMEO UND JULIA | Theater Regensburg | B\u00fchnenbild | Regie: Katrin Pl\u00f6tner<\/a><br \/>\n<a href=\"https:\/\/anneliese-dev.neudecker.net\/index.php\/portfolio-item\/der-komet-residenztheater-marstall-2013\/\">DER KOMET | Residenztheater | B\u00fchnenbild und Kost\u00fcme | Regie: Katrin Pl\u00f6tner<\/a><\/td>\n<\/tr>\n<tr>\n<td>2012<\/td>\n<td>WUNSCHLOSES UNGL\u00dcCK Lesung | Residenztheater | B\u00fchnenbild | Einrichtung: Katrin Pl\u00f6tner<br \/>\n<a href=\"https:\/\/anneliese-dev.neudecker.net\/index.php\/portfolio-item\/reigen-residenztheater-2012\/\">REIGEN | Residenztheater | B\u00fchnenbild | Regie: Patrick Steinwidder<\/a><br \/>\n<a href=\"https:\/\/anneliese-dev.neudecker.net\/index.php\/portfolio-item\/pumuckl-residenztheater-2012\/\">PUMUCKL Lesungen | Residenztheater | B\u00fchnenbild | Einrichtung: Katrin Pl\u00f6tner + Anja Sczilinski<\/a><br \/>\n<a href=\"https:\/\/anneliese-dev.neudecker.net\/index.php\/portfolio-item\/die-hamletmaschine-residenztheater-2012\/\">DIE HAMLETMASCHINE | Residenztheater | B\u00fchnenbild und Kost\u00fcme | Regie: Katrin Pl\u00f6tner<\/a><br \/>\n<a href=\"https:\/\/anneliese-dev.neudecker.net\/index.php\/portfolio-item\/erpressung-residenztheater-2012\/\"><span style=\"font-family: inherit; font-size: inherit;\">ERPRESSUNG | Residenztheater | B\u00fchnenbild | Regie: Pippo Delbono<\/span><\/a><\/td>\n<\/tr>\n<tr>\n<td>2011<\/td>\n<td>DER KLEINE HORRORLADEN | Moosach macht Oper | B\u00fchnenbild und Produktion | Regie: Vincent Kraupner<\/td>\n<\/tr>\n<tr>\n<td>2010<\/td>\n<td><a href=\"https:\/\/anneliese-dev.neudecker.net\/index.php\/portfolio-item\/nachtflug-residenztheater-2010\/\">NACHTFLUG | Residenztheater | B\u00fchnenbild und Kost\u00fcme | Regie: Christine Neuberger<\/a><br \/>\n<a href=\"https:\/\/anneliese-dev.neudecker.net\/index.php\/portfolio-item\/die-schneekoenigin-residenztheater-2010\/\">DIE SCHNEEK\u00d6NIGIN | Residenztheater | B\u00fchnenbild | Regie: Rabea Kiel<\/a><\/td>\n<\/tr>\n<tr>\n<td>2009<\/td>\n<td>H\u00c4NSEL UND GRETEL | Moosach macht Oper | B\u00fchnenbild und Produktion | Regie: Vincent Kraupner<br \/>\n<a href=\"https:\/\/anneliese-dev.neudecker.net\/index.php\/portfolio-item\/mary-poppins-von-pamela-lyndon-travers\/\">MARY POPPINS | Residenztheater | B\u00fchnenbild | Regie: Bernadette Sonnenbichler<\/a><\/td>\n<\/tr>\n<tr>\n<td>2008<\/td>\n<td>AUF DEN ZWEITEN BLICK | Theater Halle 7 &#8211; M\u00fcnchen | B\u00fchnenbild | Regie: Rabea Kiel<br \/>\nTAUGE NICHTS | Residenztheater | B\u00fchnenbild | Spielleitung: Cindy J\u00e4nicke + Andreas Merz + Christina Zintl<br \/>\nCATWEAZLE | Residenztheater | B\u00fchnenbild und Kost\u00fcme | Regie: Cindy J\u00e4nicke + Christina Zintl<\/td>\n<\/tr>\n<\/tbody>\n<\/table>\n<\/div>\n<p>[\/vc_column_text][\/vc_column][\/vc_row]<\/p>\n<\/div>","protected":false},"excerpt":{"rendered":"<p>[vc_row content_text_aligment=&#8220;&#8220; use_row_as_full_screen_section=&#8220;no&#8220; css=&#8220;.vc_custom_1642497684762{padding-top: 67px !important;padding-bottom: 18px !important;}&#8220;][vc_column][vc_row_inner row_content_width=&#8220;grid&#8220; content_text_aligment=&#8220;&#8220; css=&#8220;.vc_custom_1466607936538{margin-right: -20px !important;margin-left: -20px !important;}&#8220;][vc_column_inner css=&#8220;.vc_custom_1468416140285{padding-right: 20px !important;padding-left: 20px !important;}&#8220; offset=&#8220;vc_col-lg-5&#8243;][vc_column_text css=&#8220;.vc_custom_1642496707905{margin-top: -15px !important;}&#8220;]Foto: Nikki Harris[\/vc_column_text][\/vc_column_inner][vc_column_inner css=&#8220;.vc_custom_1468416147212{padding-right: 20px !important;padding-left: 20px !important;}&#8220; offset=&#8220;vc_col-lg-7&#8243;][vc_column_text css=&#8220;.vc_custom_1759308362896{margin-top: -15px !important;}&#8220;]Anneliese Neudecker, geboren 1984 in Wien, studierte B\u00fchnengestaltung an der Akademie [&hellip;]<\/p>\n","protected":false},"author":3,"featured_media":0,"parent":0,"menu_order":0,"comment_status":"closed","ping_status":"closed","template":"full-width.php","meta":{"footnotes":""},"class_list":["post-710","page","type-page","status-publish","hentry"],"yoast_head":"<!-- This site is optimized with the Yoast SEO plugin v27.4 - https:\/\/yoast.com\/product\/yoast-seo-wordpress\/ -->\n<title>Vita - Anneliese Neudecker<\/title>\n<meta name=\"robots\" content=\"index, follow, max-snippet:-1, max-image-preview:large, max-video-preview:-1\" \/>\n<link rel=\"canonical\" href=\"https:\/\/anneliese.neudecker.net\/index.php\/vita\/\" \/>\n<meta property=\"og:locale\" content=\"de_DE\" \/>\n<meta property=\"og:type\" content=\"article\" \/>\n<meta property=\"og:title\" content=\"Vita - Anneliese Neudecker\" \/>\n<meta property=\"og:description\" content=\"[vc_row content_text_aligment=&#8220;&#8220; use_row_as_full_screen_section=&#8220;no&#8220; css=&#8220;.vc_custom_1642497684762{padding-top: 67px !important;padding-bottom: 18px !important;}&#8220;][vc_column][vc_row_inner row_content_width=&#8220;grid&#8220; content_text_aligment=&#8220;&#8220; css=&#8220;.vc_custom_1466607936538{margin-right: -20px !important;margin-left: -20px !important;}&#8220;][vc_column_inner css=&#8220;.vc_custom_1468416140285{padding-right: 20px !important;padding-left: 20px !important;}&#8220; offset=&#8220;vc_col-lg-5&#8243;][vc_column_text css=&#8220;.vc_custom_1642496707905{margin-top: -15px !important;}&#8220;]Foto: Nikki Harris[\/vc_column_text][\/vc_column_inner][vc_column_inner css=&#8220;.vc_custom_1468416147212{padding-right: 20px !important;padding-left: 20px !important;}&#8220; offset=&#8220;vc_col-lg-7&#8243;][vc_column_text css=&#8220;.vc_custom_1759308362896{margin-top: -15px !important;}&#8220;]Anneliese Neudecker, geboren 1984 in Wien, studierte B\u00fchnengestaltung an der Akademie [&hellip;]\" \/>\n<meta property=\"og:url\" content=\"https:\/\/anneliese.neudecker.net\/index.php\/vita\/\" \/>\n<meta property=\"og:site_name\" content=\"Anneliese Neudecker\" \/>\n<meta property=\"article:modified_time\" content=\"2025-10-01T08:51:59+00:00\" \/>\n<meta name=\"twitter:card\" content=\"summary_large_image\" \/>\n<meta name=\"twitter:label1\" content=\"Gesch\u00e4tzte Lesezeit\" \/>\n\t<meta name=\"twitter:data1\" content=\"6 Minuten\" \/>\n<script type=\"application\/ld+json\" class=\"yoast-schema-graph\">{\"@context\":\"https:\\\/\\\/schema.org\",\"@graph\":[{\"@type\":\"WebPage\",\"@id\":\"https:\\\/\\\/anneliese.neudecker.net\\\/index.php\\\/vita\\\/\",\"url\":\"https:\\\/\\\/anneliese.neudecker.net\\\/index.php\\\/vita\\\/\",\"name\":\"Vita - Anneliese Neudecker\",\"isPartOf\":{\"@id\":\"https:\\\/\\\/anneliese.neudecker.net\\\/#website\"},\"datePublished\":\"2016-06-20T09:59:36+00:00\",\"dateModified\":\"2025-10-01T08:51:59+00:00\",\"breadcrumb\":{\"@id\":\"https:\\\/\\\/anneliese.neudecker.net\\\/index.php\\\/vita\\\/#breadcrumb\"},\"inLanguage\":\"de-AT\",\"potentialAction\":[{\"@type\":\"ReadAction\",\"target\":[\"https:\\\/\\\/anneliese.neudecker.net\\\/index.php\\\/vita\\\/\"]}]},{\"@type\":\"BreadcrumbList\",\"@id\":\"https:\\\/\\\/anneliese.neudecker.net\\\/index.php\\\/vita\\\/#breadcrumb\",\"itemListElement\":[{\"@type\":\"ListItem\",\"position\":1,\"name\":\"Home\",\"item\":\"https:\\\/\\\/anneliese.neudecker.net\\\/\"},{\"@type\":\"ListItem\",\"position\":2,\"name\":\"Vita\"}]},{\"@type\":\"WebSite\",\"@id\":\"https:\\\/\\\/anneliese.neudecker.net\\\/#website\",\"url\":\"https:\\\/\\\/anneliese.neudecker.net\\\/\",\"name\":\"Anneliese Neudecker\",\"description\":\"B\u00fchnenbild\",\"potentialAction\":[{\"@type\":\"SearchAction\",\"target\":{\"@type\":\"EntryPoint\",\"urlTemplate\":\"https:\\\/\\\/anneliese.neudecker.net\\\/?s={search_term_string}\"},\"query-input\":{\"@type\":\"PropertyValueSpecification\",\"valueRequired\":true,\"valueName\":\"search_term_string\"}}],\"inLanguage\":\"de-AT\"}]}<\/script>\n<!-- \/ Yoast SEO plugin. -->","yoast_head_json":{"title":"Vita - Anneliese Neudecker","robots":{"index":"index","follow":"follow","max-snippet":"max-snippet:-1","max-image-preview":"max-image-preview:large","max-video-preview":"max-video-preview:-1"},"canonical":"https:\/\/anneliese.neudecker.net\/index.php\/vita\/","og_locale":"de_DE","og_type":"article","og_title":"Vita - Anneliese Neudecker","og_description":"[vc_row content_text_aligment=&#8220;&#8220; use_row_as_full_screen_section=&#8220;no&#8220; css=&#8220;.vc_custom_1642497684762{padding-top: 67px !important;padding-bottom: 18px !important;}&#8220;][vc_column][vc_row_inner row_content_width=&#8220;grid&#8220; content_text_aligment=&#8220;&#8220; css=&#8220;.vc_custom_1466607936538{margin-right: -20px !important;margin-left: -20px !important;}&#8220;][vc_column_inner css=&#8220;.vc_custom_1468416140285{padding-right: 20px !important;padding-left: 20px !important;}&#8220; offset=&#8220;vc_col-lg-5&#8243;][vc_column_text css=&#8220;.vc_custom_1642496707905{margin-top: -15px !important;}&#8220;]Foto: Nikki Harris[\/vc_column_text][\/vc_column_inner][vc_column_inner css=&#8220;.vc_custom_1468416147212{padding-right: 20px !important;padding-left: 20px !important;}&#8220; offset=&#8220;vc_col-lg-7&#8243;][vc_column_text css=&#8220;.vc_custom_1759308362896{margin-top: -15px !important;}&#8220;]Anneliese Neudecker, geboren 1984 in Wien, studierte B\u00fchnengestaltung an der Akademie [&hellip;]","og_url":"https:\/\/anneliese.neudecker.net\/index.php\/vita\/","og_site_name":"Anneliese Neudecker","article_modified_time":"2025-10-01T08:51:59+00:00","twitter_card":"summary_large_image","twitter_misc":{"Gesch\u00e4tzte Lesezeit":"6 Minuten"},"schema":{"@context":"https:\/\/schema.org","@graph":[{"@type":"WebPage","@id":"https:\/\/anneliese.neudecker.net\/index.php\/vita\/","url":"https:\/\/anneliese.neudecker.net\/index.php\/vita\/","name":"Vita - Anneliese Neudecker","isPartOf":{"@id":"https:\/\/anneliese.neudecker.net\/#website"},"datePublished":"2016-06-20T09:59:36+00:00","dateModified":"2025-10-01T08:51:59+00:00","breadcrumb":{"@id":"https:\/\/anneliese.neudecker.net\/index.php\/vita\/#breadcrumb"},"inLanguage":"de-AT","potentialAction":[{"@type":"ReadAction","target":["https:\/\/anneliese.neudecker.net\/index.php\/vita\/"]}]},{"@type":"BreadcrumbList","@id":"https:\/\/anneliese.neudecker.net\/index.php\/vita\/#breadcrumb","itemListElement":[{"@type":"ListItem","position":1,"name":"Home","item":"https:\/\/anneliese.neudecker.net\/"},{"@type":"ListItem","position":2,"name":"Vita"}]},{"@type":"WebSite","@id":"https:\/\/anneliese.neudecker.net\/#website","url":"https:\/\/anneliese.neudecker.net\/","name":"Anneliese Neudecker","description":"B\u00fchnenbild","potentialAction":[{"@type":"SearchAction","target":{"@type":"EntryPoint","urlTemplate":"https:\/\/anneliese.neudecker.net\/?s={search_term_string}"},"query-input":{"@type":"PropertyValueSpecification","valueRequired":true,"valueName":"search_term_string"}}],"inLanguage":"de-AT"}]}},"_links":{"self":[{"href":"https:\/\/anneliese.neudecker.net\/index.php\/wp-json\/wp\/v2\/pages\/710","targetHints":{"allow":["GET"]}}],"collection":[{"href":"https:\/\/anneliese.neudecker.net\/index.php\/wp-json\/wp\/v2\/pages"}],"about":[{"href":"https:\/\/anneliese.neudecker.net\/index.php\/wp-json\/wp\/v2\/types\/page"}],"author":[{"embeddable":true,"href":"https:\/\/anneliese.neudecker.net\/index.php\/wp-json\/wp\/v2\/users\/3"}],"replies":[{"embeddable":true,"href":"https:\/\/anneliese.neudecker.net\/index.php\/wp-json\/wp\/v2\/comments?post=710"}],"version-history":[{"count":78,"href":"https:\/\/anneliese.neudecker.net\/index.php\/wp-json\/wp\/v2\/pages\/710\/revisions"}],"predecessor-version":[{"id":6013,"href":"https:\/\/anneliese.neudecker.net\/index.php\/wp-json\/wp\/v2\/pages\/710\/revisions\/6013"}],"wp:attachment":[{"href":"https:\/\/anneliese.neudecker.net\/index.php\/wp-json\/wp\/v2\/media?parent=710"}],"curies":[{"name":"wp","href":"https:\/\/api.w.org\/{rel}","templated":true}]}}