{"id":4663,"date":"2021-11-04T11:19:10","date_gmt":"2021-11-04T10:19:10","guid":{"rendered":"https:\/\/anneliese-dev.neudecker.net\/?page_id=4663"},"modified":"2022-03-08T10:34:33","modified_gmt":"2022-03-08T09:34:33","slug":"datenschutzerklaerung","status":"publish","type":"page","link":"https:\/\/anneliese.neudecker.net\/index.php\/datenschutzerklaerung\/","title":{"rendered":"Datenschutzerkl\u00e4rung"},"content":{"rendered":"<div class=\"wpb-content-wrapper\"><p>[vc_row content_text_aligment=&#8220;&#8220; use_row_as_full_screen_section=&#8220;no&#8220;][vc_column][vc_column_text]<\/p>\n<h1>Datenschutzerkl\u00e4rung<\/h1>\n<p>Der Schutz Ihrer pers\u00f6nlichen Daten ist uns ein besonderes Anliegen. Wir verarbeiten Ihre Daten daher ausschlie\u00dflich auf Grundlage der gesetzlichen Bestimmungen (DSGVO, TKG 2003). In diesen Datenschutzinformationen informieren wir Sie \u00fcber die wichtigsten Aspekte der Datenverarbeitung im Rahmen unserer Website.<\/p>\n<h3>Kontakt mit uns<\/h3>\n<p>Wenn Sie per Formular auf der Website oder per E-Mail Kontakt mit uns aufnehmen, werden Ihre angegebenen Daten zwecks Bearbeitung der Anfrage und f\u00fcr den Fall von Anschlussfragen sechs Monate bei uns gespeichert. Diese Daten geben wir nicht ohne Ihre Einwilligung weiter.<\/p>\n<h3>Cookies<\/h3>\n<p>Unsere Website verwendet so genannte Cookies. Dabei handelt es sich um kleine Textdateien, die mit Hilfe des Browsers auf Ihrem Endger\u00e4t abgelegt werden. Sie richten keinen Schaden an. Wir nutzen Cookies dazu, unser Angebot nutzerfreundlich zu gestalten. Einige Cookies bleiben auf Ihrem Endger\u00e4t gespeichert, bis Sie diese l\u00f6schen. Sie erm\u00f6glichen es uns, Ihren Browser beim n\u00e4chsten Besuch wiederzuerkennen. Wenn Sie dies nicht w\u00fcnschen, so k\u00f6nnen Sie Ihren Browser so einrichten, dass er Sie \u00fcber das Setzen von Cookies informiert und Sie dies nur im Einzelfall erlauben. Bei der Deaktivierung von Cookies kann die Funktionalit\u00e4t unserer Website eingeschr\u00e4nkt sein.<\/p>\n<h3>Ihre Rechte<\/h3>\n<p>Ihnen stehen grunds\u00e4tzlich die Rechte auf Auskunft, Berichtigung, L\u00f6schung, Einschr\u00e4nkung, Daten\u00fcbertragung, Widerruf und Widerspruch zu. Wenn Sie glauben, dass die Verarbeitung Ihrer Daten gegen das Datenschutzrecht verst\u00f6\u00dft oder Ihre datenschutzrechtlichen Anspr\u00fcche sonst in einer Weise verletzt worden sind, k\u00f6nnen Sie sich bei der Aufsichtsbeh\u00f6rde beschweren. In \u00d6sterreich ist dies die Datenschutzbeh\u00f6rde. S\u00e4mtliche personenbezogenen Daten werden auf Ihren Wunsch und nach Ablauf der gesetzlich normierten Fristen entsprechende der gesetzlichen Bestimmung gel\u00f6scht.<\/p>\n<h3>Sie erreichen uns unter folgenden Kontaktdaten:<\/h3>\n<p>Anneliese Neudecker<br \/>\nanneliese@neudecker.net<\/p>\n<h3>Datensicherheit<\/h3>\n<p>Wir weisen darauf hin, dass die Daten\u00fcbertragung im Internet (z.B. bei der Kommunikation per E-Mail) Sicherheitsl\u00fccken aufweisen kann. Ein l\u00fcckenloser Schutz der Daten vor dem Zugriff durch Dritte ist nicht m\u00f6glich.<\/p>\n<p>&nbsp;<\/p>\n<p>[\/vc_column_text][\/vc_column][\/vc_row]<\/p>\n<\/div>","protected":false},"excerpt":{"rendered":"<p>[vc_row content_text_aligment=&#8220;&#8220; use_row_as_full_screen_section=&#8220;no&#8220;][vc_column][vc_column_text] Datenschutzerkl\u00e4rung Der Schutz Ihrer pers\u00f6nlichen Daten ist uns ein besonderes Anliegen. Wir verarbeiten Ihre Daten daher ausschlie\u00dflich auf Grundlage der gesetzlichen Bestimmungen (DSGVO, TKG 2003). In diesen Datenschutzinformationen informieren wir Sie \u00fcber die wichtigsten Aspekte der Datenverarbeitung im Rahmen unserer Website. Kontakt [&hellip;]<\/p>\n","protected":false},"author":3,"featured_media":0,"parent":0,"menu_order":0,"comment_status":"closed","ping_status":"closed","template":"","meta":{"footnotes":""},"class_list":["post-4663","page","type-page","status-publish","hentry"],"yoast_head":"<!-- This site is optimized with the Yoast SEO plugin v27.4 - https:\/\/yoast.com\/product\/yoast-seo-wordpress\/ -->\n<title>Datenschutzerkl\u00e4rung - Anneliese Neudecker<\/title>\n<meta name=\"robots\" content=\"index, follow, max-snippet:-1, max-image-preview:large, max-video-preview:-1\" \/>\n<link rel=\"canonical\" href=\"https:\/\/anneliese.neudecker.net\/index.php\/datenschutzerklaerung\/\" \/>\n<meta property=\"og:locale\" content=\"de_DE\" \/>\n<meta property=\"og:type\" content=\"article\" \/>\n<meta property=\"og:title\" content=\"Datenschutzerkl\u00e4rung - Anneliese Neudecker\" \/>\n<meta property=\"og:description\" content=\"[vc_row content_text_aligment=&#8220;&#8220; use_row_as_full_screen_section=&#8220;no&#8220;][vc_column][vc_column_text] Datenschutzerkl\u00e4rung Der Schutz Ihrer pers\u00f6nlichen Daten ist uns ein besonderes Anliegen. Wir verarbeiten Ihre Daten daher ausschlie\u00dflich auf Grundlage der gesetzlichen Bestimmungen (DSGVO, TKG 2003). In diesen Datenschutzinformationen informieren wir Sie \u00fcber die wichtigsten Aspekte der Datenverarbeitung im Rahmen unserer Website. Kontakt [&hellip;]\" \/>\n<meta property=\"og:url\" content=\"https:\/\/anneliese.neudecker.net\/index.php\/datenschutzerklaerung\/\" \/>\n<meta property=\"og:site_name\" content=\"Anneliese Neudecker\" \/>\n<meta property=\"article:modified_time\" content=\"2022-03-08T09:34:33+00:00\" \/>\n<meta name=\"twitter:card\" content=\"summary_large_image\" \/>\n<meta name=\"twitter:label1\" content=\"Gesch\u00e4tzte Lesezeit\" \/>\n\t<meta name=\"twitter:data1\" content=\"2 Minuten\" \/>\n<script type=\"application\/ld+json\" class=\"yoast-schema-graph\">{\"@context\":\"https:\\\/\\\/schema.org\",\"@graph\":[{\"@type\":\"WebPage\",\"@id\":\"https:\\\/\\\/anneliese.neudecker.net\\\/index.php\\\/datenschutzerklaerung\\\/\",\"url\":\"https:\\\/\\\/anneliese.neudecker.net\\\/index.php\\\/datenschutzerklaerung\\\/\",\"name\":\"Datenschutzerkl\u00e4rung - Anneliese Neudecker\",\"isPartOf\":{\"@id\":\"https:\\\/\\\/anneliese.neudecker.net\\\/#website\"},\"datePublished\":\"2021-11-04T10:19:10+00:00\",\"dateModified\":\"2022-03-08T09:34:33+00:00\",\"breadcrumb\":{\"@id\":\"https:\\\/\\\/anneliese.neudecker.net\\\/index.php\\\/datenschutzerklaerung\\\/#breadcrumb\"},\"inLanguage\":\"de-AT\",\"potentialAction\":[{\"@type\":\"ReadAction\",\"target\":[\"https:\\\/\\\/anneliese.neudecker.net\\\/index.php\\\/datenschutzerklaerung\\\/\"]}]},{\"@type\":\"BreadcrumbList\",\"@id\":\"https:\\\/\\\/anneliese.neudecker.net\\\/index.php\\\/datenschutzerklaerung\\\/#breadcrumb\",\"itemListElement\":[{\"@type\":\"ListItem\",\"position\":1,\"name\":\"Home\",\"item\":\"https:\\\/\\\/anneliese.neudecker.net\\\/\"},{\"@type\":\"ListItem\",\"position\":2,\"name\":\"Datenschutzerkl\u00e4rung\"}]},{\"@type\":\"WebSite\",\"@id\":\"https:\\\/\\\/anneliese.neudecker.net\\\/#website\",\"url\":\"https:\\\/\\\/anneliese.neudecker.net\\\/\",\"name\":\"Anneliese Neudecker\",\"description\":\"B\u00fchnenbild\",\"potentialAction\":[{\"@type\":\"SearchAction\",\"target\":{\"@type\":\"EntryPoint\",\"urlTemplate\":\"https:\\\/\\\/anneliese.neudecker.net\\\/?s={search_term_string}\"},\"query-input\":{\"@type\":\"PropertyValueSpecification\",\"valueRequired\":true,\"valueName\":\"search_term_string\"}}],\"inLanguage\":\"de-AT\"}]}<\/script>\n<!-- \/ Yoast SEO plugin. -->","yoast_head_json":{"title":"Datenschutzerkl\u00e4rung - Anneliese Neudecker","robots":{"index":"index","follow":"follow","max-snippet":"max-snippet:-1","max-image-preview":"max-image-preview:large","max-video-preview":"max-video-preview:-1"},"canonical":"https:\/\/anneliese.neudecker.net\/index.php\/datenschutzerklaerung\/","og_locale":"de_DE","og_type":"article","og_title":"Datenschutzerkl\u00e4rung - Anneliese Neudecker","og_description":"[vc_row content_text_aligment=&#8220;&#8220; use_row_as_full_screen_section=&#8220;no&#8220;][vc_column][vc_column_text] Datenschutzerkl\u00e4rung Der Schutz Ihrer pers\u00f6nlichen Daten ist uns ein besonderes Anliegen. Wir verarbeiten Ihre Daten daher ausschlie\u00dflich auf Grundlage der gesetzlichen Bestimmungen (DSGVO, TKG 2003). In diesen Datenschutzinformationen informieren wir Sie \u00fcber die wichtigsten Aspekte der Datenverarbeitung im Rahmen unserer Website. Kontakt [&hellip;]","og_url":"https:\/\/anneliese.neudecker.net\/index.php\/datenschutzerklaerung\/","og_site_name":"Anneliese Neudecker","article_modified_time":"2022-03-08T09:34:33+00:00","twitter_card":"summary_large_image","twitter_misc":{"Gesch\u00e4tzte Lesezeit":"2 Minuten"},"schema":{"@context":"https:\/\/schema.org","@graph":[{"@type":"WebPage","@id":"https:\/\/anneliese.neudecker.net\/index.php\/datenschutzerklaerung\/","url":"https:\/\/anneliese.neudecker.net\/index.php\/datenschutzerklaerung\/","name":"Datenschutzerkl\u00e4rung - Anneliese Neudecker","isPartOf":{"@id":"https:\/\/anneliese.neudecker.net\/#website"},"datePublished":"2021-11-04T10:19:10+00:00","dateModified":"2022-03-08T09:34:33+00:00","breadcrumb":{"@id":"https:\/\/anneliese.neudecker.net\/index.php\/datenschutzerklaerung\/#breadcrumb"},"inLanguage":"de-AT","potentialAction":[{"@type":"ReadAction","target":["https:\/\/anneliese.neudecker.net\/index.php\/datenschutzerklaerung\/"]}]},{"@type":"BreadcrumbList","@id":"https:\/\/anneliese.neudecker.net\/index.php\/datenschutzerklaerung\/#breadcrumb","itemListElement":[{"@type":"ListItem","position":1,"name":"Home","item":"https:\/\/anneliese.neudecker.net\/"},{"@type":"ListItem","position":2,"name":"Datenschutzerkl\u00e4rung"}]},{"@type":"WebSite","@id":"https:\/\/anneliese.neudecker.net\/#website","url":"https:\/\/anneliese.neudecker.net\/","name":"Anneliese Neudecker","description":"B\u00fchnenbild","potentialAction":[{"@type":"SearchAction","target":{"@type":"EntryPoint","urlTemplate":"https:\/\/anneliese.neudecker.net\/?s={search_term_string}"},"query-input":{"@type":"PropertyValueSpecification","valueRequired":true,"valueName":"search_term_string"}}],"inLanguage":"de-AT"}]}},"_links":{"self":[{"href":"https:\/\/anneliese.neudecker.net\/index.php\/wp-json\/wp\/v2\/pages\/4663","targetHints":{"allow":["GET"]}}],"collection":[{"href":"https:\/\/anneliese.neudecker.net\/index.php\/wp-json\/wp\/v2\/pages"}],"about":[{"href":"https:\/\/anneliese.neudecker.net\/index.php\/wp-json\/wp\/v2\/types\/page"}],"author":[{"embeddable":true,"href":"https:\/\/anneliese.neudecker.net\/index.php\/wp-json\/wp\/v2\/users\/3"}],"replies":[{"embeddable":true,"href":"https:\/\/anneliese.neudecker.net\/index.php\/wp-json\/wp\/v2\/comments?post=4663"}],"version-history":[{"count":10,"href":"https:\/\/anneliese.neudecker.net\/index.php\/wp-json\/wp\/v2\/pages\/4663\/revisions"}],"predecessor-version":[{"id":5656,"href":"https:\/\/anneliese.neudecker.net\/index.php\/wp-json\/wp\/v2\/pages\/4663\/revisions\/5656"}],"wp:attachment":[{"href":"https:\/\/anneliese.neudecker.net\/index.php\/wp-json\/wp\/v2\/media?parent=4663"}],"curies":[{"name":"wp","href":"https:\/\/api.w.org\/{rel}","templated":true}]}}