{"id":4496,"date":"2021-10-19T12:50:55","date_gmt":"2021-10-19T10:50:55","guid":{"rendered":"https:\/\/anneliese-dev.neudecker.net\/?page_id=4496"},"modified":"2022-02-18T11:36:08","modified_gmt":"2022-02-18T10:36:08","slug":"musiktheater","status":"publish","type":"page","link":"https:\/\/anneliese.neudecker.net\/index.php\/portfolio\/musiktheater\/","title":{"rendered":"Musiktheater"},"content":{"rendered":"<div class=\"wpb-content-wrapper\"><p>[vc_row content_text_aligment=&#8220;&#8220; use_row_as_full_screen_section=&#8220;no&#8220;][vc_column]<div class=\"edgtf-portfolio-list-holder edgtf-pl-gallery edgtf-pl-four-columns edgtf-pl-normal-space edgtf-pl-info-below-image edgtf-pl-hover-image-zoom\"  data-next-page=\"2\" data-type=\"gallery\" data-number-of-columns=\"4\" data-space-between-items=\"normal\" data-number-of-items=\"40\" data-image-proportions=\"landscape\" data-category=\"musiktheater\" data-order-by=\"date\" data-order=\"DESC\" data-info-position=\"below-image\" data-image-hover-type2=\"image-zoom\" data-disable-title=\"no\" data-title-tag=\"h4\" data-disable-category=\"no\" data-disable-excerpt=\"yes\" data-excerpt-length=\"20\" data-show-load-more=\"no\" data-enable-infinite-scroll=\"no\" data-filter=\"no\" data-filter-order-by=\"name\" data-enable-article-animation=\"no\" data-enable-variable-width=\"no\" data-pagination=\"yes\" data-max-num-pages=\"1\"><div class=\"edgtf-pl-inner clearfix\"><article class=\"edgtf-pl-item  post-5996 portfolio-item type-portfolio-item status-publish has-post-thumbnail hentry portfolio-category-buehnenbild portfolio-category-kostuembild portfolio-category-musiktheater\">\n\t<div class=\"edgtf-pl-item-inner\">\n\t\t<div class=\"edgtf-pli-image\">\n\t\t\t\t\t\t\t<img loading=\"lazy\" decoding=\"async\" width=\"800\" height=\"600\" src=\"https:\/\/anneliese.neudecker.net\/wp-content\/uploads\/2025\/10\/01_Queens-2025-06-12-HPK_Z9A5790-800x600.jpg\" class=\"attachment-assemble_edge_landscape size-assemble_edge_landscape wp-post-image\" alt=\"\" \/>\t\t\t\t\t\t\t\t\t<\/div>\n\t\t\t\t\t<div class=\"edgtf-pli-text-holder\" >\n\t\t\t\t<div class=\"edgtf-pli-text-wrapper\">\n\t\t\t\t\t<div class=\"edgtf-pli-text\" >\n\t\t\t\t\t\t\t\t\t\t\t\t\t\t\t\t\t\t\t<h4 itemprop=\"name\" class=\"edgtf-pli-title entry-title\" >\n\t\t\t\t\t\t\t\tQUEENS NEST I Neue Staatsoper 2025\t\t\t\t\t\t\t<\/h4>\n\t\t\t\t\t\t\n\t\t\t\t\t\t<div class=\"edgtf-pli-category-holder\"><a itemprop=\"url\" class=\"edgtf-pli-category\" href=\"https:\/\/anneliese.neudecker.net\/index.php\/portfolio-category\/buehnenbild\/\" >B\u00fchnenbild<\/a><a itemprop=\"url\" class=\"edgtf-pli-category\" href=\"https:\/\/anneliese.neudecker.net\/index.php\/portfolio-category\/kostuembild\/\" >Kost\u00fcmbild<\/a><a itemprop=\"url\" class=\"edgtf-pli-category\" href=\"https:\/\/anneliese.neudecker.net\/index.php\/portfolio-category\/musiktheater\/\" >Musiktheater<\/a><\/div>\t\t\t\t\t\n\t\t\t\t\t\t\t\t\t\t\t\t\t\t\t\t\t<\/div>\n\t\t\t\t<\/div>\n\t\t\t<\/div>\n\t\t\t\t<a itemprop=\"url\" class=\"edgtf-pli-link\" href=\"https:\/\/anneliese.neudecker.net\/index.php\/portfolio-item\/queens-nest-i-neue-staatsoper-2025\/\" target=\"_self\"><\/a>\n\t<\/div>\n<\/article><article class=\"edgtf-pl-item  post-5995 portfolio-item type-portfolio-item status-publish has-post-thumbnail hentry portfolio-category-buehnenbild portfolio-category-musiktheater\">\n\t<div class=\"edgtf-pl-item-inner\">\n\t\t<div class=\"edgtf-pli-image\">\n\t\t\t\t\t\t\t<img loading=\"lazy\" decoding=\"async\" width=\"800\" height=\"600\" src=\"https:\/\/anneliese.neudecker.net\/wp-content\/uploads\/2025\/10\/01_SALOME_HP-7730-800x600.jpg\" class=\"attachment-assemble_edge_landscape size-assemble_edge_landscape wp-post-image\" alt=\"\" \/>\t\t\t\t\t\t\t\t\t<\/div>\n\t\t\t\t\t<div class=\"edgtf-pli-text-holder\" >\n\t\t\t\t<div class=\"edgtf-pli-text-wrapper\">\n\t\t\t\t\t<div class=\"edgtf-pli-text\" >\n\t\t\t\t\t\t\t\t\t\t\t\t\t\t\t\t\t\t\t<h4 itemprop=\"name\" class=\"edgtf-pli-title entry-title\" >\n\t\t\t\t\t\t\t\tSALOME Theater Magdeburg 2025\t\t\t\t\t\t\t<\/h4>\n\t\t\t\t\t\t\n\t\t\t\t\t\t<div class=\"edgtf-pli-category-holder\"><a itemprop=\"url\" class=\"edgtf-pli-category\" href=\"https:\/\/anneliese.neudecker.net\/index.php\/portfolio-category\/buehnenbild\/\" >B\u00fchnenbild<\/a><a itemprop=\"url\" class=\"edgtf-pli-category\" href=\"https:\/\/anneliese.neudecker.net\/index.php\/portfolio-category\/musiktheater\/\" >Musiktheater<\/a><\/div>\t\t\t\t\t\n\t\t\t\t\t\t\t\t\t\t\t\t\t\t\t\t\t<\/div>\n\t\t\t\t<\/div>\n\t\t\t<\/div>\n\t\t\t\t<a itemprop=\"url\" class=\"edgtf-pli-link\" href=\"https:\/\/anneliese.neudecker.net\/index.php\/portfolio-item\/salome-theater-magdeburg-2025\/\" target=\"_self\"><\/a>\n\t<\/div>\n<\/article><article class=\"edgtf-pl-item  post-5959 portfolio-item type-portfolio-item status-publish has-post-thumbnail hentry portfolio-category-buehnenbild portfolio-category-musiktheater\">\n\t<div class=\"edgtf-pl-item-inner\">\n\t\t<div class=\"edgtf-pli-image\">\n\t\t\t\t\t\t\t<img loading=\"lazy\" decoding=\"async\" width=\"800\" height=\"600\" src=\"https:\/\/anneliese.neudecker.net\/wp-content\/uploads\/2025\/10\/01_piljoo-2-_A7R4573-800x600.jpg\" class=\"attachment-assemble_edge_landscape size-assemble_edge_landscape wp-post-image\" alt=\"\" \/>\t\t\t\t\t\t\t\t\t<\/div>\n\t\t\t\t\t<div class=\"edgtf-pli-text-holder\" >\n\t\t\t\t<div class=\"edgtf-pli-text-wrapper\">\n\t\t\t\t\t<div class=\"edgtf-pli-text\" >\n\t\t\t\t\t\t\t\t\t\t\t\t\t\t\t\t\t\t\t<h4 itemprop=\"name\" class=\"edgtf-pli-title entry-title\" >\n\t\t\t\t\t\t\t\tDIE TOTE STADT Korea National Opera 2024\t\t\t\t\t\t\t<\/h4>\n\t\t\t\t\t\t\n\t\t\t\t\t\t<div class=\"edgtf-pli-category-holder\"><a itemprop=\"url\" class=\"edgtf-pli-category\" href=\"https:\/\/anneliese.neudecker.net\/index.php\/portfolio-category\/buehnenbild\/\" >B\u00fchnenbild<\/a><a itemprop=\"url\" class=\"edgtf-pli-category\" href=\"https:\/\/anneliese.neudecker.net\/index.php\/portfolio-category\/musiktheater\/\" >Musiktheater<\/a><\/div>\t\t\t\t\t\n\t\t\t\t\t\t\t\t\t\t\t\t\t\t\t\t\t<\/div>\n\t\t\t\t<\/div>\n\t\t\t<\/div>\n\t\t\t\t<a itemprop=\"url\" class=\"edgtf-pli-link\" href=\"https:\/\/anneliese.neudecker.net\/index.php\/portfolio-item\/die-tote-stadt-korea-national-opera-2024\/\" target=\"_self\"><\/a>\n\t<\/div>\n<\/article><article class=\"edgtf-pl-item  post-5881 portfolio-item type-portfolio-item status-publish has-post-thumbnail hentry portfolio-category-buehnenbild portfolio-category-musiktheater\">\n\t<div class=\"edgtf-pl-item-inner\">\n\t\t<div class=\"edgtf-pli-image\">\n\t\t\t\t\t\t\t<img loading=\"lazy\" decoding=\"async\" width=\"800\" height=\"600\" src=\"https:\/\/anneliese.neudecker.net\/wp-content\/uploads\/2025\/10\/01_TheaterMD_Alice_im_Wunderland_HPK_254_Foto_Andreas_Lander-800x600.jpg\" class=\"attachment-assemble_edge_landscape size-assemble_edge_landscape wp-post-image\" alt=\"\" \/>\t\t\t\t\t\t\t\t\t<\/div>\n\t\t\t\t\t<div class=\"edgtf-pli-text-holder\" >\n\t\t\t\t<div class=\"edgtf-pli-text-wrapper\">\n\t\t\t\t\t<div class=\"edgtf-pli-text\" >\n\t\t\t\t\t\t\t\t\t\t\t\t\t\t\t\t\t\t\t<h4 itemprop=\"name\" class=\"edgtf-pli-title entry-title\" >\n\t\t\t\t\t\t\t\tALICE IM WUNDERLAND Theater Magdeburg 2023\t\t\t\t\t\t\t<\/h4>\n\t\t\t\t\t\t\n\t\t\t\t\t\t<div class=\"edgtf-pli-category-holder\"><a itemprop=\"url\" class=\"edgtf-pli-category\" href=\"https:\/\/anneliese.neudecker.net\/index.php\/portfolio-category\/buehnenbild\/\" >B\u00fchnenbild<\/a><a itemprop=\"url\" class=\"edgtf-pli-category\" href=\"https:\/\/anneliese.neudecker.net\/index.php\/portfolio-category\/musiktheater\/\" >Musiktheater<\/a><\/div>\t\t\t\t\t\n\t\t\t\t\t\t\t\t\t\t\t\t\t\t\t\t\t<\/div>\n\t\t\t\t<\/div>\n\t\t\t<\/div>\n\t\t\t\t<a itemprop=\"url\" class=\"edgtf-pli-link\" href=\"https:\/\/anneliese.neudecker.net\/index.php\/portfolio-item\/alice-im-wunderland-theater-magdeburg-2023\/\" target=\"_self\"><\/a>\n\t<\/div>\n<\/article><article class=\"edgtf-pl-item  post-5863 portfolio-item type-portfolio-item status-publish has-post-thumbnail hentry portfolio-category-buehnenbild portfolio-category-musiktheater portfolio-category-schauspiel\">\n\t<div class=\"edgtf-pl-item-inner\">\n\t\t<div class=\"edgtf-pli-image\">\n\t\t\t\t\t\t\t<img loading=\"lazy\" decoding=\"async\" width=\"800\" height=\"600\" src=\"https:\/\/anneliese.neudecker.net\/wp-content\/uploads\/2025\/10\/01_Die_Zauberfloete_c_Marcella_Ruiz_Cruz_HighRes_7557-800x600.jpg\" class=\"attachment-assemble_edge_landscape size-assemble_edge_landscape wp-post-image\" alt=\"\" \/>\t\t\t\t\t\t\t\t\t<\/div>\n\t\t\t\t\t<div class=\"edgtf-pli-text-holder\" >\n\t\t\t\t<div class=\"edgtf-pli-text-wrapper\">\n\t\t\t\t\t<div class=\"edgtf-pli-text\" >\n\t\t\t\t\t\t\t\t\t\t\t\t\t\t\t\t\t\t\t<h4 itemprop=\"name\" class=\"edgtf-pli-title entry-title\" >\n\t\t\t\t\t\t\t\tDIE ZAUBERFL\u00d6TE Burgtheater 2023\t\t\t\t\t\t\t<\/h4>\n\t\t\t\t\t\t\n\t\t\t\t\t\t<div class=\"edgtf-pli-category-holder\"><a itemprop=\"url\" class=\"edgtf-pli-category\" href=\"https:\/\/anneliese.neudecker.net\/index.php\/portfolio-category\/buehnenbild\/\" >B\u00fchnenbild<\/a><a itemprop=\"url\" class=\"edgtf-pli-category\" href=\"https:\/\/anneliese.neudecker.net\/index.php\/portfolio-category\/musiktheater\/\" >Musiktheater<\/a><a itemprop=\"url\" class=\"edgtf-pli-category\" href=\"https:\/\/anneliese.neudecker.net\/index.php\/portfolio-category\/schauspiel\/\" >Schauspiel<\/a><\/div>\t\t\t\t\t\n\t\t\t\t\t\t\t\t\t\t\t\t\t\t\t\t\t<\/div>\n\t\t\t\t<\/div>\n\t\t\t<\/div>\n\t\t\t\t<a itemprop=\"url\" class=\"edgtf-pli-link\" href=\"https:\/\/anneliese.neudecker.net\/index.php\/portfolio-item\/die-zauberfloete-burgtheater-2023\/\" target=\"_self\"><\/a>\n\t<\/div>\n<\/article><article class=\"edgtf-pl-item  post-5385 portfolio-item type-portfolio-item status-publish has-post-thumbnail hentry portfolio-category-buehnenbild portfolio-category-musiktheater\">\n\t<div class=\"edgtf-pl-item-inner\">\n\t\t<div class=\"edgtf-pli-image\">\n\t\t\t\t\t\t\t<img loading=\"lazy\" decoding=\"async\" width=\"800\" height=\"600\" src=\"https:\/\/anneliese.neudecker.net\/wp-content\/uploads\/2022\/02\/01_JM-20211106-8742-800x600.jpg\" class=\"attachment-assemble_edge_landscape size-assemble_edge_landscape wp-post-image\" alt=\"\" \/>\t\t\t\t\t\t\t\t\t<\/div>\n\t\t\t\t\t<div class=\"edgtf-pli-text-holder\" >\n\t\t\t\t<div class=\"edgtf-pli-text-wrapper\">\n\t\t\t\t\t<div class=\"edgtf-pli-text\" >\n\t\t\t\t\t\t\t\t\t\t\t\t\t\t\t\t\t\t\t<h4 itemprop=\"name\" class=\"edgtf-pli-title entry-title\" >\n\t\t\t\t\t\t\t\tROM\u00c9O ET JULIETTE Opera Zuid 2021\t\t\t\t\t\t\t<\/h4>\n\t\t\t\t\t\t\n\t\t\t\t\t\t<div class=\"edgtf-pli-category-holder\"><a itemprop=\"url\" class=\"edgtf-pli-category\" href=\"https:\/\/anneliese.neudecker.net\/index.php\/portfolio-category\/buehnenbild\/\" >B\u00fchnenbild<\/a><a itemprop=\"url\" class=\"edgtf-pli-category\" href=\"https:\/\/anneliese.neudecker.net\/index.php\/portfolio-category\/musiktheater\/\" >Musiktheater<\/a><\/div>\t\t\t\t\t\n\t\t\t\t\t\t\t\t\t\t\t\t\t\t\t\t\t<\/div>\n\t\t\t\t<\/div>\n\t\t\t<\/div>\n\t\t\t\t<a itemprop=\"url\" class=\"edgtf-pli-link\" href=\"https:\/\/anneliese.neudecker.net\/index.php\/portfolio-item\/romeo-et-juliette-opera-zuid\/\" target=\"_self\"><\/a>\n\t<\/div>\n<\/article><article class=\"edgtf-pl-item  post-5384 portfolio-item type-portfolio-item status-publish has-post-thumbnail hentry portfolio-category-buehnenbild portfolio-category-musiktheater\">\n\t<div class=\"edgtf-pl-item-inner\">\n\t\t<div class=\"edgtf-pli-image\">\n\t\t\t\t\t\t\t<img loading=\"lazy\" decoding=\"async\" width=\"800\" height=\"600\" src=\"https:\/\/anneliese.neudecker.net\/wp-content\/uploads\/2022\/02\/01_26_1-800x600.jpg\" class=\"attachment-assemble_edge_landscape size-assemble_edge_landscape wp-post-image\" alt=\"\" \/>\t\t\t\t\t\t\t\t\t<\/div>\n\t\t\t\t\t<div class=\"edgtf-pli-text-holder\" >\n\t\t\t\t<div class=\"edgtf-pli-text-wrapper\">\n\t\t\t\t\t<div class=\"edgtf-pli-text\" >\n\t\t\t\t\t\t\t\t\t\t\t\t\t\t\t\t\t\t\t<h4 itemprop=\"name\" class=\"edgtf-pli-title entry-title\" >\n\t\t\t\t\t\t\t\tPOWDER HER FACE Nouvel Op\u00e9ra Fribourg I Ath\u00e9n\u00e9e Th\u00e9\u00e2tre Paris 2021\t\t\t\t\t\t\t<\/h4>\n\t\t\t\t\t\t\n\t\t\t\t\t\t<div class=\"edgtf-pli-category-holder\"><a itemprop=\"url\" class=\"edgtf-pli-category\" href=\"https:\/\/anneliese.neudecker.net\/index.php\/portfolio-category\/buehnenbild\/\" >B\u00fchnenbild<\/a><a itemprop=\"url\" class=\"edgtf-pli-category\" href=\"https:\/\/anneliese.neudecker.net\/index.php\/portfolio-category\/musiktheater\/\" >Musiktheater<\/a><\/div>\t\t\t\t\t\n\t\t\t\t\t\t\t\t\t\t\t\t\t\t\t\t\t<\/div>\n\t\t\t\t<\/div>\n\t\t\t<\/div>\n\t\t\t\t<a itemprop=\"url\" class=\"edgtf-pli-link\" href=\"https:\/\/anneliese.neudecker.net\/index.php\/portfolio-item\/powder-her-face-nouvel-opera-fribourg-i-athenee-theatre-paris-2021\/\" target=\"_self\"><\/a>\n\t<\/div>\n<\/article><article class=\"edgtf-pl-item  post-5383 portfolio-item type-portfolio-item status-publish has-post-thumbnail hentry portfolio-category-buehnenbild portfolio-category-musiktheater\">\n\t<div class=\"edgtf-pl-item-inner\">\n\t\t<div class=\"edgtf-pli-image\">\n\t\t\t\t\t\t\t<img loading=\"lazy\" decoding=\"async\" width=\"800\" height=\"600\" src=\"https:\/\/anneliese.neudecker.net\/wp-content\/uploads\/2022\/02\/01_Melisande_Pelleas_NOF@Magali_Dougados-0037_2-1-800x600.jpg\" class=\"attachment-assemble_edge_landscape size-assemble_edge_landscape wp-post-image\" alt=\"\" \/>\t\t\t\t\t\t\t\t\t<\/div>\n\t\t\t\t\t<div class=\"edgtf-pli-text-holder\" >\n\t\t\t\t<div class=\"edgtf-pli-text-wrapper\">\n\t\t\t\t\t<div class=\"edgtf-pli-text\" >\n\t\t\t\t\t\t\t\t\t\t\t\t\t\t\t\t\t\t\t<h4 itemprop=\"name\" class=\"edgtf-pli-title entry-title\" >\n\t\t\t\t\t\t\t\tPELL\u00c9AS ET M\u00c9LISANDE  Nouvel Op\u00e9ra Fribourg I Ath\u00e9n\u00e9e Th\u00e9\u00e2tre Paris 2021\t\t\t\t\t\t\t<\/h4>\n\t\t\t\t\t\t\n\t\t\t\t\t\t<div class=\"edgtf-pli-category-holder\"><a itemprop=\"url\" class=\"edgtf-pli-category\" href=\"https:\/\/anneliese.neudecker.net\/index.php\/portfolio-category\/buehnenbild\/\" >B\u00fchnenbild<\/a><a itemprop=\"url\" class=\"edgtf-pli-category\" href=\"https:\/\/anneliese.neudecker.net\/index.php\/portfolio-category\/musiktheater\/\" >Musiktheater<\/a><\/div>\t\t\t\t\t\n\t\t\t\t\t\t\t\t\t\t\t\t\t\t\t\t\t<\/div>\n\t\t\t\t<\/div>\n\t\t\t<\/div>\n\t\t\t\t<a itemprop=\"url\" class=\"edgtf-pli-link\" href=\"https:\/\/anneliese.neudecker.net\/index.php\/portfolio-item\/pelleas-et-melisande-nouvel-opera-fribourg-i-athenee-theatre-paris-2021\/\" target=\"_self\"><\/a>\n\t<\/div>\n<\/article><article class=\"edgtf-pl-item  post-4953 portfolio-item type-portfolio-item status-publish has-post-thumbnail hentry portfolio-category-buehnenbild portfolio-category-musiktheater\">\n\t<div class=\"edgtf-pl-item-inner\">\n\t\t<div class=\"edgtf-pli-image\">\n\t\t\t\t\t\t\t<img loading=\"lazy\" decoding=\"async\" width=\"800\" height=\"600\" src=\"https:\/\/anneliese.neudecker.net\/wp-content\/uploads\/2022\/02\/Parsifal6_Neudecker_2-1-800x600.jpg\" class=\"attachment-assemble_edge_landscape size-assemble_edge_landscape wp-post-image\" alt=\"\" \/>\t\t\t\t\t\t\t\t\t<\/div>\n\t\t\t\t\t<div class=\"edgtf-pli-text-holder\" >\n\t\t\t\t<div class=\"edgtf-pli-text-wrapper\">\n\t\t\t\t\t<div class=\"edgtf-pli-text\" >\n\t\t\t\t\t\t\t\t\t\t\t\t\t\t\t\t\t\t\t<h4 itemprop=\"name\" class=\"edgtf-pli-title entry-title\" >\n\t\t\t\t\t\t\t\tPARSIFAL &#8211; f\u00fcr Kinder Bayreuther Festspiele 2015\t\t\t\t\t\t\t<\/h4>\n\t\t\t\t\t\t\n\t\t\t\t\t\t<div class=\"edgtf-pli-category-holder\"><a itemprop=\"url\" class=\"edgtf-pli-category\" href=\"https:\/\/anneliese.neudecker.net\/index.php\/portfolio-category\/buehnenbild\/\" >B\u00fchnenbild<\/a><a itemprop=\"url\" class=\"edgtf-pli-category\" href=\"https:\/\/anneliese.neudecker.net\/index.php\/portfolio-category\/musiktheater\/\" >Musiktheater<\/a><\/div>\t\t\t\t\t\n\t\t\t\t\t\t\t\t\t\t\t\t\t\t\t\t\t<\/div>\n\t\t\t\t<\/div>\n\t\t\t<\/div>\n\t\t\t\t<a itemprop=\"url\" class=\"edgtf-pli-link\" href=\"https:\/\/anneliese.neudecker.net\/index.php\/portfolio-item\/hin-und-her-schauspiel-frankfurt-2015\/\" target=\"_self\"><\/a>\n\t<\/div>\n<\/article><article class=\"edgtf-pl-item  post-4938 portfolio-item type-portfolio-item status-publish has-post-thumbnail hentry portfolio-category-buehnenbild portfolio-category-kostuembild portfolio-category-musiktheater portfolio-category-schauspiel\">\n\t<div class=\"edgtf-pl-item-inner\">\n\t\t<div class=\"edgtf-pli-image\">\n\t\t\t\t\t\t\t<img loading=\"lazy\" decoding=\"async\" width=\"800\" height=\"600\" src=\"https:\/\/anneliese.neudecker.net\/wp-content\/uploads\/2022\/02\/Nachtflug1_dashuber_1-800x600.jpg\" class=\"attachment-assemble_edge_landscape size-assemble_edge_landscape wp-post-image\" alt=\"\" \/>\t\t\t\t\t\t\t\t\t<\/div>\n\t\t\t\t\t<div class=\"edgtf-pli-text-holder\" >\n\t\t\t\t<div class=\"edgtf-pli-text-wrapper\">\n\t\t\t\t\t<div class=\"edgtf-pli-text\" >\n\t\t\t\t\t\t\t\t\t\t\t\t\t\t\t\t\t\t\t<h4 itemprop=\"name\" class=\"edgtf-pli-title entry-title\" >\n\t\t\t\t\t\t\t\tNACHTFLUG Residenztheater 2010\t\t\t\t\t\t\t<\/h4>\n\t\t\t\t\t\t\n\t\t\t\t\t\t<div class=\"edgtf-pli-category-holder\"><a itemprop=\"url\" class=\"edgtf-pli-category\" href=\"https:\/\/anneliese.neudecker.net\/index.php\/portfolio-category\/buehnenbild\/\" >B\u00fchnenbild<\/a><a itemprop=\"url\" class=\"edgtf-pli-category\" href=\"https:\/\/anneliese.neudecker.net\/index.php\/portfolio-category\/kostuembild\/\" >Kost\u00fcmbild<\/a><a itemprop=\"url\" class=\"edgtf-pli-category\" href=\"https:\/\/anneliese.neudecker.net\/index.php\/portfolio-category\/musiktheater\/\" >Musiktheater<\/a><a itemprop=\"url\" class=\"edgtf-pli-category\" href=\"https:\/\/anneliese.neudecker.net\/index.php\/portfolio-category\/schauspiel\/\" >Schauspiel<\/a><\/div>\t\t\t\t\t\n\t\t\t\t\t\t\t\t\t\t\t\t\t\t\t\t\t<\/div>\n\t\t\t\t<\/div>\n\t\t\t<\/div>\n\t\t\t\t<a itemprop=\"url\" class=\"edgtf-pli-link\" href=\"https:\/\/anneliese.neudecker.net\/index.php\/portfolio-item\/nachtflug-residenztheater-2010\/\" target=\"_self\"><\/a>\n\t<\/div>\n<\/article><\/div><\/div>[\/vc_column][\/vc_row]<\/p>\n<\/div>","protected":false},"excerpt":{"rendered":"<p>[vc_row content_text_aligment=&#8220;&#8220; use_row_as_full_screen_section=&#8220;no&#8220;][vc_column][\/vc_column][\/vc_row]<\/p>\n","protected":false},"author":3,"featured_media":0,"parent":4482,"menu_order":0,"comment_status":"closed","ping_status":"closed","template":"","meta":{"footnotes":""},"class_list":["post-4496","page","type-page","status-publish","hentry"],"yoast_head":"<!-- This site is optimized with the Yoast SEO plugin v27.4 - https:\/\/yoast.com\/product\/yoast-seo-wordpress\/ -->\n<title>Musiktheater - Anneliese Neudecker<\/title>\n<meta name=\"robots\" content=\"index, follow, max-snippet:-1, max-image-preview:large, max-video-preview:-1\" \/>\n<link rel=\"canonical\" href=\"https:\/\/anneliese.neudecker.net\/index.php\/portfolio\/musiktheater\/\" \/>\n<meta property=\"og:locale\" content=\"de_DE\" \/>\n<meta property=\"og:type\" content=\"article\" \/>\n<meta property=\"og:title\" content=\"Musiktheater - Anneliese Neudecker\" \/>\n<meta property=\"og:description\" content=\"[vc_row content_text_aligment=&#8220;&#8220; use_row_as_full_screen_section=&#8220;no&#8220;][vc_column][\/vc_column][\/vc_row]\" \/>\n<meta property=\"og:url\" content=\"https:\/\/anneliese.neudecker.net\/index.php\/portfolio\/musiktheater\/\" \/>\n<meta property=\"og:site_name\" content=\"Anneliese Neudecker\" \/>\n<meta property=\"article:modified_time\" content=\"2022-02-18T10:36:08+00:00\" \/>\n<meta name=\"twitter:card\" content=\"summary_large_image\" \/>\n<script type=\"application\/ld+json\" class=\"yoast-schema-graph\">{\"@context\":\"https:\\\/\\\/schema.org\",\"@graph\":[{\"@type\":\"WebPage\",\"@id\":\"https:\\\/\\\/anneliese.neudecker.net\\\/index.php\\\/portfolio\\\/musiktheater\\\/\",\"url\":\"https:\\\/\\\/anneliese.neudecker.net\\\/index.php\\\/portfolio\\\/musiktheater\\\/\",\"name\":\"Musiktheater - Anneliese Neudecker\",\"isPartOf\":{\"@id\":\"https:\\\/\\\/anneliese.neudecker.net\\\/#website\"},\"datePublished\":\"2021-10-19T10:50:55+00:00\",\"dateModified\":\"2022-02-18T10:36:08+00:00\",\"breadcrumb\":{\"@id\":\"https:\\\/\\\/anneliese.neudecker.net\\\/index.php\\\/portfolio\\\/musiktheater\\\/#breadcrumb\"},\"inLanguage\":\"de-AT\",\"potentialAction\":[{\"@type\":\"ReadAction\",\"target\":[\"https:\\\/\\\/anneliese.neudecker.net\\\/index.php\\\/portfolio\\\/musiktheater\\\/\"]}]},{\"@type\":\"BreadcrumbList\",\"@id\":\"https:\\\/\\\/anneliese.neudecker.net\\\/index.php\\\/portfolio\\\/musiktheater\\\/#breadcrumb\",\"itemListElement\":[{\"@type\":\"ListItem\",\"position\":1,\"name\":\"Home\",\"item\":\"https:\\\/\\\/anneliese.neudecker.net\\\/\"},{\"@type\":\"ListItem\",\"position\":2,\"name\":\"Portfolio\",\"item\":\"https:\\\/\\\/anneliese.neudecker.net\\\/index.php\\\/portfolio\\\/\"},{\"@type\":\"ListItem\",\"position\":3,\"name\":\"Musiktheater\"}]},{\"@type\":\"WebSite\",\"@id\":\"https:\\\/\\\/anneliese.neudecker.net\\\/#website\",\"url\":\"https:\\\/\\\/anneliese.neudecker.net\\\/\",\"name\":\"Anneliese Neudecker\",\"description\":\"B\u00fchnenbild\",\"potentialAction\":[{\"@type\":\"SearchAction\",\"target\":{\"@type\":\"EntryPoint\",\"urlTemplate\":\"https:\\\/\\\/anneliese.neudecker.net\\\/?s={search_term_string}\"},\"query-input\":{\"@type\":\"PropertyValueSpecification\",\"valueRequired\":true,\"valueName\":\"search_term_string\"}}],\"inLanguage\":\"de-AT\"}]}<\/script>\n<!-- \/ Yoast SEO plugin. -->","yoast_head_json":{"title":"Musiktheater - Anneliese Neudecker","robots":{"index":"index","follow":"follow","max-snippet":"max-snippet:-1","max-image-preview":"max-image-preview:large","max-video-preview":"max-video-preview:-1"},"canonical":"https:\/\/anneliese.neudecker.net\/index.php\/portfolio\/musiktheater\/","og_locale":"de_DE","og_type":"article","og_title":"Musiktheater - Anneliese Neudecker","og_description":"[vc_row content_text_aligment=&#8220;&#8220; use_row_as_full_screen_section=&#8220;no&#8220;][vc_column][\/vc_column][\/vc_row]","og_url":"https:\/\/anneliese.neudecker.net\/index.php\/portfolio\/musiktheater\/","og_site_name":"Anneliese Neudecker","article_modified_time":"2022-02-18T10:36:08+00:00","twitter_card":"summary_large_image","schema":{"@context":"https:\/\/schema.org","@graph":[{"@type":"WebPage","@id":"https:\/\/anneliese.neudecker.net\/index.php\/portfolio\/musiktheater\/","url":"https:\/\/anneliese.neudecker.net\/index.php\/portfolio\/musiktheater\/","name":"Musiktheater - Anneliese Neudecker","isPartOf":{"@id":"https:\/\/anneliese.neudecker.net\/#website"},"datePublished":"2021-10-19T10:50:55+00:00","dateModified":"2022-02-18T10:36:08+00:00","breadcrumb":{"@id":"https:\/\/anneliese.neudecker.net\/index.php\/portfolio\/musiktheater\/#breadcrumb"},"inLanguage":"de-AT","potentialAction":[{"@type":"ReadAction","target":["https:\/\/anneliese.neudecker.net\/index.php\/portfolio\/musiktheater\/"]}]},{"@type":"BreadcrumbList","@id":"https:\/\/anneliese.neudecker.net\/index.php\/portfolio\/musiktheater\/#breadcrumb","itemListElement":[{"@type":"ListItem","position":1,"name":"Home","item":"https:\/\/anneliese.neudecker.net\/"},{"@type":"ListItem","position":2,"name":"Portfolio","item":"https:\/\/anneliese.neudecker.net\/index.php\/portfolio\/"},{"@type":"ListItem","position":3,"name":"Musiktheater"}]},{"@type":"WebSite","@id":"https:\/\/anneliese.neudecker.net\/#website","url":"https:\/\/anneliese.neudecker.net\/","name":"Anneliese Neudecker","description":"B\u00fchnenbild","potentialAction":[{"@type":"SearchAction","target":{"@type":"EntryPoint","urlTemplate":"https:\/\/anneliese.neudecker.net\/?s={search_term_string}"},"query-input":{"@type":"PropertyValueSpecification","valueRequired":true,"valueName":"search_term_string"}}],"inLanguage":"de-AT"}]}},"_links":{"self":[{"href":"https:\/\/anneliese.neudecker.net\/index.php\/wp-json\/wp\/v2\/pages\/4496","targetHints":{"allow":["GET"]}}],"collection":[{"href":"https:\/\/anneliese.neudecker.net\/index.php\/wp-json\/wp\/v2\/pages"}],"about":[{"href":"https:\/\/anneliese.neudecker.net\/index.php\/wp-json\/wp\/v2\/types\/page"}],"author":[{"embeddable":true,"href":"https:\/\/anneliese.neudecker.net\/index.php\/wp-json\/wp\/v2\/users\/3"}],"replies":[{"embeddable":true,"href":"https:\/\/anneliese.neudecker.net\/index.php\/wp-json\/wp\/v2\/comments?post=4496"}],"version-history":[{"count":7,"href":"https:\/\/anneliese.neudecker.net\/index.php\/wp-json\/wp\/v2\/pages\/4496\/revisions"}],"predecessor-version":[{"id":5559,"href":"https:\/\/anneliese.neudecker.net\/index.php\/wp-json\/wp\/v2\/pages\/4496\/revisions\/5559"}],"up":[{"embeddable":true,"href":"https:\/\/anneliese.neudecker.net\/index.php\/wp-json\/wp\/v2\/pages\/4482"}],"wp:attachment":[{"href":"https:\/\/anneliese.neudecker.net\/index.php\/wp-json\/wp\/v2\/media?parent=4496"}],"curies":[{"name":"wp","href":"https:\/\/api.w.org\/{rel}","templated":true}]}}