{"id":4481,"date":"2021-10-19T12:48:35","date_gmt":"2021-10-19T10:48:35","guid":{"rendered":"https:\/\/anneliese-dev.neudecker.net\/?page_id=4481"},"modified":"2026-02-15T18:55:21","modified_gmt":"2026-02-15T17:55:21","slug":"aktuelles","status":"publish","type":"page","link":"https:\/\/anneliese.neudecker.net\/index.php\/aktuelles\/","title":{"rendered":"Aktuelles"},"content":{"rendered":"<div class=\"wpb-content-wrapper\"><p>[vc_row content_text_aligment=&#8220;&#8220; use_row_as_full_screen_section=&#8220;no&#8220;][vc_column][vc_column_text css=&#8220;&#8220;]<\/p>\n<h2 style=\"font-size: 26px;\">SPIELZEIT 2025\/26<\/h2>\n<p>[\/vc_column_text][\/vc_column][\/vc_row][vc_row content_text_aligment=&#8220;&#8220; use_row_as_full_screen_section=&#8220;no&#8220; css=&#8220;.vc_custom_1639597835772{padding-top: 15px !important;padding-bottom: 15px !important;}&#8220;][vc_column width=&#8220;1\/6&#8243;][vc_single_image image=&#8220;5832&#8243; img_size=&#8220;130&#215;130&#8243; css=&#8220;.vc_custom_1758230021649{padding-top: 8px !important;}&#8220;][\/vc_column][vc_column width=&#8220;5\/6&#8243; el_class=&#8220;aktuellestxt&#8220;][vc_column_text css=&#8220;&#8220;]<\/p>\n<div class=\"aktitm\">\n<h3>HELLO, DOLLY! von Jerry Herman I Stadttheater Klagenfurt<\/h3>\n<p>Premiere: 7. Mai 2026<br \/>\nMusikalische Leitung: G\u00fcnter Wallner I Regie: Mira Stadler I B\u00fchne: Anneliese Neudecker I Kost\u00fcme: Carolin Schogs<br \/>\nChoreographie: Andrea Danae Kingston<br \/>\n<a href=\"https:\/\/www.stadttheater-klagenfurt.at\/produktionen\/hello-dolly\/\">https:\/\/www.stadttheater-klagenfurt.at<\/a><\/p>\n<\/div>\n<p>[\/vc_column_text][\/vc_column][\/vc_row][vc_row content_text_aligment=&#8220;&#8220; use_row_as_full_screen_section=&#8220;no&#8220; css=&#8220;.vc_custom_1639597835772{padding-top: 15px !important;padding-bottom: 15px !important;}&#8220;][vc_column width=&#8220;1\/6&#8243;][vc_single_image image=&#8220;5831&#8243; img_size=&#8220;130&#215;130&#8243; css=&#8220;.vc_custom_1758229818914{padding-top: 8px !important;}&#8220;][\/vc_column][vc_column width=&#8220;5\/6&#8243; el_class=&#8220;aktuellestxt&#8220;][vc_column_text css=&#8220;&#8220;]<\/p>\n<div class=\"aktitm\">\n<h3>LEBEN MIT EINEM IDIOTEN Oper von Alfred Schnittke I Theater Magdeburg<\/h3>\n<p>Premiere: 7. M\u00e4rz 2026 I Theater Magdeburg I Koproduktion mit der Op\u00e9ra national de\u00a0Lorraine in Nancy<br \/>\nMusikalische Leitung: Pawel Poplawski I Regie: Julien Chavaz I B\u00fchne: Anneliese Neudecker I Kost\u00fcme: Severine Besson I Maske: Julia Kreuziger<br \/>\n<a href=\"https:\/\/www.theater-magdeburg.de\/inszenierungen\/musiktheater\/sz-20252026\/premieren\/leben-mit-einem-idioten\/\">https:\/\/www.theater-magdeburg.de<\/a><\/p>\n<\/div>\n<p>[\/vc_column_text][\/vc_column][\/vc_row][vc_row content_text_aligment=&#8220;&#8220; use_row_as_full_screen_section=&#8220;no&#8220;][vc_column][vc_column_text css=&#8220;&#8220;]<\/p>\n<h2 style=\"font-size: 26px;\">SPIELZEIT 2024\/25<\/h2>\n<p>[\/vc_column_text][\/vc_column][\/vc_row][vc_row content_text_aligment=&#8220;&#8220; use_row_as_full_screen_section=&#8220;no&#8220; css=&#8220;.vc_custom_1639597835772{padding-top: 15px !important;padding-bottom: 15px !important;}&#8220;][vc_column width=&#8220;1\/6&#8243;][vc_single_image image=&#8220;5813&#8243; img_size=&#8220;130&#215;130&#8243; css=&#8220;.vc_custom_1745847103896{padding-top: 8px !important;}&#8220;][\/vc_column][vc_column width=&#8220;5\/6&#8243; el_class=&#8220;aktuellestxt&#8220;][vc_column_text css=&#8220;&#8220;]<\/p>\n<div class=\"aktitm\">\n<h3>QUEENS inspiriert durch Mozarts\u00a0<i>Die Zauberfl\u00f6te<\/i> I NEST I neue Staatsoper<\/h3>\n<p>Premiere: 18. Juni 2025 I NEST<br \/>\nMusikalische Leitung: Andy Icochea I Regie: Anja Sczilinski I B\u00fchne und Kost\u00fcme: Anneliese Neudecker<br \/>\n<a href=\"https:\/\/www.nest.at\/kalender\/detail\/queens\/\">https:\/\/www.nest.at<\/a><\/p>\n<\/div>\n<p>[\/vc_column_text][\/vc_column][\/vc_row][vc_row content_text_aligment=&#8220;&#8220; use_row_as_full_screen_section=&#8220;no&#8220; css=&#8220;.vc_custom_1639597835772{padding-top: 15px !important;padding-bottom: 15px !important;}&#8220;][vc_column width=&#8220;1\/6&#8243;][vc_single_image image=&#8220;5801&#8243; img_size=&#8220;130&#215;130&#8243; css=&#8220;.vc_custom_1727102966813{padding-top: 8px !important;}&#8220;][\/vc_column][vc_column width=&#8220;5\/6&#8243; el_class=&#8220;aktuellestxt&#8220;][vc_column_text css=&#8220;&#8220;]<\/p>\n<div class=\"aktitm\">\n<h3>ALICE\u00b4S ADVENTURES UNDERGROUND Oper von Gerald Barry I Grand Th\u00e9\u00e2tre de Gen\u00e8ve<\/h3>\n<p>Premiere: 13. April 2025 Grand Th\u00e9\u00e2tre de Gen\u00e8ve Swiss Premiere\u00a0 I\u00a0 6. Mai 2023 Theater Magdeburg<br \/>\nRegie: Julien Chavaz I B\u00fchne: Anneliese Neudecker I Kost\u00fcme: Severine Besson I Masken: Julia Kreuziger<br \/>\n<a href=\"https:\/\/www.gtg.ch\/en\/2024-2025-season\/alices-adventures-under-ground\/\">https:\/\/www.gtg.ch<\/a><\/p>\n<\/div>\n<p>[\/vc_column_text][\/vc_column][\/vc_row][vc_row content_text_aligment=&#8220;&#8220; use_row_as_full_screen_section=&#8220;no&#8220; css=&#8220;.vc_custom_1639597835772{padding-top: 15px !important;padding-bottom: 15px !important;}&#8220;][vc_column width=&#8220;1\/6&#8243;][vc_single_image image=&#8220;5786&#8243; img_size=&#8220;130&#215;130&#8243; css=&#8220;.vc_custom_1725796591512{padding-top: 8px !important;}&#8220;][\/vc_column][vc_column width=&#8220;5\/6&#8243; el_class=&#8220;aktuellestxt&#8220;][vc_column_text css=&#8220;&#8220;]<\/p>\n<div class=\"aktitm\">\n<h3>SALOME Oper von Gerald Barry I Theater Magdeburg<\/h3>\n<p>Premiere: 15. M\u00e4rz 2025 I Theater Magdeburg<br \/>\nMusikalische Leitung: J\u00e9r\u00f4me Kuhn I Regie: Julien Chavaz I B\u00fchne: Anneliese Neudecker I Kost\u00fcme: Severine Besson I Maske: Julia Kreuziger<br \/>\n<a href=\"https:\/\/www.theater-magdeburg.de\/inszenierungen\/musiktheater\/sz-20242025\/premiere-2425\/salome\/\" target=\"_blank\" rel=\"noopener\">https:\/\/www.theater-magdeburg.de<\/a><\/p>\n<\/div>\n<p>[\/vc_column_text][\/vc_column][\/vc_row][vc_row content_text_aligment=&#8220;&#8220; use_row_as_full_screen_section=&#8220;no&#8220; css=&#8220;.vc_custom_1639597835772{padding-top: 15px !important;padding-bottom: 15px !important;}&#8220;][vc_column width=&#8220;1\/6&#8243;][vc_single_image image=&#8220;5785&#8243; img_size=&#8220;130&#215;130&#8243; css=&#8220;.vc_custom_1725796288157{padding-top: 8px !important;}&#8220;][\/vc_column][vc_column width=&#8220;5\/6&#8243; el_class=&#8220;aktuellestxt&#8220;][vc_column_text css=&#8220;&#8220;]<\/p>\n<div class=\"aktitm\">\n<h3>WOYZECK von Georg B\u00fcchner I Teatro Stabile Sloveno Trieste<\/h3>\n<p>Premiere: 4. Oktober 2024 I Teatro Stabile Sloveno I 10. Oktober 2024 I Pre\u0161ernovo Gledali\u0161\u010de Kranj<br \/>\nRegie: Igor Pison I B\u00fchne: Anneliese Neudecker I Kost\u00fcme: Ana Janc<br \/>\n<a href=\"https:\/\/www.teaterssg.com\/event\/woyzeck\/?lang=it\" target=\"_blank\" rel=\"noopener\">https:\/\/www.teaterssg.com<\/a><\/p>\n<\/div>\n<p>[\/vc_column_text][\/vc_column][\/vc_row]<\/p>\n<\/div>","protected":false},"excerpt":{"rendered":"<p>[vc_row content_text_aligment=&#8220;&#8220; use_row_as_full_screen_section=&#8220;no&#8220;][vc_column][vc_column_text css=&#8220;&#8220;] SPIELZEIT 2025\/26 [\/vc_column_text][\/vc_column][\/vc_row][vc_row content_text_aligment=&#8220;&#8220; use_row_as_full_screen_section=&#8220;no&#8220; css=&#8220;.vc_custom_1639597835772{padding-top: 15px !important;padding-bottom: 15px !important;}&#8220;][vc_column width=&#8220;1\/6&#8243;][vc_single_image image=&#8220;5832&#8243; img_size=&#8220;130&#215;130&#8243; css=&#8220;.vc_custom_1758230021649{padding-top: 8px !important;}&#8220;][\/vc_column][vc_column width=&#8220;5\/6&#8243; el_class=&#8220;aktuellestxt&#8220;][vc_column_text css=&#8220;&#8220;] HELLO, DOLLY! von Jerry Herman I Stadttheater Klagenfurt Premiere: 7. Mai 2026 Musikalische Leitung: G\u00fcnter Wallner I Regie: Mira Stadler I B\u00fchne: [&hellip;]<\/p>\n","protected":false},"author":3,"featured_media":0,"parent":0,"menu_order":0,"comment_status":"closed","ping_status":"closed","template":"","meta":{"footnotes":""},"class_list":["post-4481","page","type-page","status-publish","hentry"],"yoast_head":"<!-- This site is optimized with the Yoast SEO plugin v27.5 - https:\/\/yoast.com\/product\/yoast-seo-wordpress\/ -->\n<title>Aktuelles - Anneliese Neudecker<\/title>\n<meta name=\"robots\" content=\"index, follow, max-snippet:-1, max-image-preview:large, max-video-preview:-1\" \/>\n<link rel=\"canonical\" href=\"https:\/\/anneliese.neudecker.net\/index.php\/aktuelles\/\" \/>\n<meta property=\"og:locale\" content=\"de_DE\" \/>\n<meta property=\"og:type\" content=\"article\" \/>\n<meta property=\"og:title\" content=\"Aktuelles - Anneliese Neudecker\" \/>\n<meta property=\"og:description\" content=\"[vc_row content_text_aligment=&#8220;&#8220; use_row_as_full_screen_section=&#8220;no&#8220;][vc_column][vc_column_text css=&#8220;&#8220;] SPIELZEIT 2025\/26 [\/vc_column_text][\/vc_column][\/vc_row][vc_row content_text_aligment=&#8220;&#8220; use_row_as_full_screen_section=&#8220;no&#8220; css=&#8220;.vc_custom_1639597835772{padding-top: 15px !important;padding-bottom: 15px !important;}&#8220;][vc_column width=&#8220;1\/6&#8243;][vc_single_image image=&#8220;5832&#8243; img_size=&#8220;130&#215;130&#8243; css=&#8220;.vc_custom_1758230021649{padding-top: 8px !important;}&#8220;][\/vc_column][vc_column width=&#8220;5\/6&#8243; el_class=&#8220;aktuellestxt&#8220;][vc_column_text css=&#8220;&#8220;] HELLO, DOLLY! von Jerry Herman I Stadttheater Klagenfurt Premiere: 7. Mai 2026 Musikalische Leitung: G\u00fcnter Wallner I Regie: Mira Stadler I B\u00fchne: [&hellip;]\" \/>\n<meta property=\"og:url\" content=\"https:\/\/anneliese.neudecker.net\/index.php\/aktuelles\/\" \/>\n<meta property=\"og:site_name\" content=\"Anneliese Neudecker\" \/>\n<meta property=\"article:modified_time\" content=\"2026-02-15T17:55:21+00:00\" \/>\n<meta name=\"twitter:card\" content=\"summary_large_image\" \/>\n<meta name=\"twitter:label1\" content=\"Gesch\u00e4tzte Lesezeit\" \/>\n\t<meta name=\"twitter:data1\" content=\"4 Minuten\" \/>\n<script type=\"application\/ld+json\" class=\"yoast-schema-graph\">{\"@context\":\"https:\\\/\\\/schema.org\",\"@graph\":[{\"@type\":\"WebPage\",\"@id\":\"https:\\\/\\\/anneliese.neudecker.net\\\/index.php\\\/aktuelles\\\/\",\"url\":\"https:\\\/\\\/anneliese.neudecker.net\\\/index.php\\\/aktuelles\\\/\",\"name\":\"Aktuelles - Anneliese Neudecker\",\"isPartOf\":{\"@id\":\"https:\\\/\\\/anneliese.neudecker.net\\\/#website\"},\"datePublished\":\"2021-10-19T10:48:35+00:00\",\"dateModified\":\"2026-02-15T17:55:21+00:00\",\"breadcrumb\":{\"@id\":\"https:\\\/\\\/anneliese.neudecker.net\\\/index.php\\\/aktuelles\\\/#breadcrumb\"},\"inLanguage\":\"de-AT\",\"potentialAction\":[{\"@type\":\"ReadAction\",\"target\":[\"https:\\\/\\\/anneliese.neudecker.net\\\/index.php\\\/aktuelles\\\/\"]}]},{\"@type\":\"BreadcrumbList\",\"@id\":\"https:\\\/\\\/anneliese.neudecker.net\\\/index.php\\\/aktuelles\\\/#breadcrumb\",\"itemListElement\":[{\"@type\":\"ListItem\",\"position\":1,\"name\":\"Home\",\"item\":\"https:\\\/\\\/anneliese.neudecker.net\\\/\"},{\"@type\":\"ListItem\",\"position\":2,\"name\":\"Aktuelles\"}]},{\"@type\":\"WebSite\",\"@id\":\"https:\\\/\\\/anneliese.neudecker.net\\\/#website\",\"url\":\"https:\\\/\\\/anneliese.neudecker.net\\\/\",\"name\":\"Anneliese Neudecker\",\"description\":\"B\u00fchnenbild\",\"potentialAction\":[{\"@type\":\"SearchAction\",\"target\":{\"@type\":\"EntryPoint\",\"urlTemplate\":\"https:\\\/\\\/anneliese.neudecker.net\\\/?s={search_term_string}\"},\"query-input\":{\"@type\":\"PropertyValueSpecification\",\"valueRequired\":true,\"valueName\":\"search_term_string\"}}],\"inLanguage\":\"de-AT\"}]}<\/script>\n<!-- \/ Yoast SEO plugin. -->","yoast_head_json":{"title":"Aktuelles - Anneliese Neudecker","robots":{"index":"index","follow":"follow","max-snippet":"max-snippet:-1","max-image-preview":"max-image-preview:large","max-video-preview":"max-video-preview:-1"},"canonical":"https:\/\/anneliese.neudecker.net\/index.php\/aktuelles\/","og_locale":"de_DE","og_type":"article","og_title":"Aktuelles - Anneliese Neudecker","og_description":"[vc_row content_text_aligment=&#8220;&#8220; use_row_as_full_screen_section=&#8220;no&#8220;][vc_column][vc_column_text css=&#8220;&#8220;] SPIELZEIT 2025\/26 [\/vc_column_text][\/vc_column][\/vc_row][vc_row content_text_aligment=&#8220;&#8220; use_row_as_full_screen_section=&#8220;no&#8220; css=&#8220;.vc_custom_1639597835772{padding-top: 15px !important;padding-bottom: 15px !important;}&#8220;][vc_column width=&#8220;1\/6&#8243;][vc_single_image image=&#8220;5832&#8243; img_size=&#8220;130&#215;130&#8243; css=&#8220;.vc_custom_1758230021649{padding-top: 8px !important;}&#8220;][\/vc_column][vc_column width=&#8220;5\/6&#8243; el_class=&#8220;aktuellestxt&#8220;][vc_column_text css=&#8220;&#8220;] HELLO, DOLLY! von Jerry Herman I Stadttheater Klagenfurt Premiere: 7. Mai 2026 Musikalische Leitung: G\u00fcnter Wallner I Regie: Mira Stadler I B\u00fchne: [&hellip;]","og_url":"https:\/\/anneliese.neudecker.net\/index.php\/aktuelles\/","og_site_name":"Anneliese Neudecker","article_modified_time":"2026-02-15T17:55:21+00:00","twitter_card":"summary_large_image","twitter_misc":{"Gesch\u00e4tzte Lesezeit":"4 Minuten"},"schema":{"@context":"https:\/\/schema.org","@graph":[{"@type":"WebPage","@id":"https:\/\/anneliese.neudecker.net\/index.php\/aktuelles\/","url":"https:\/\/anneliese.neudecker.net\/index.php\/aktuelles\/","name":"Aktuelles - Anneliese Neudecker","isPartOf":{"@id":"https:\/\/anneliese.neudecker.net\/#website"},"datePublished":"2021-10-19T10:48:35+00:00","dateModified":"2026-02-15T17:55:21+00:00","breadcrumb":{"@id":"https:\/\/anneliese.neudecker.net\/index.php\/aktuelles\/#breadcrumb"},"inLanguage":"de-AT","potentialAction":[{"@type":"ReadAction","target":["https:\/\/anneliese.neudecker.net\/index.php\/aktuelles\/"]}]},{"@type":"BreadcrumbList","@id":"https:\/\/anneliese.neudecker.net\/index.php\/aktuelles\/#breadcrumb","itemListElement":[{"@type":"ListItem","position":1,"name":"Home","item":"https:\/\/anneliese.neudecker.net\/"},{"@type":"ListItem","position":2,"name":"Aktuelles"}]},{"@type":"WebSite","@id":"https:\/\/anneliese.neudecker.net\/#website","url":"https:\/\/anneliese.neudecker.net\/","name":"Anneliese Neudecker","description":"B\u00fchnenbild","potentialAction":[{"@type":"SearchAction","target":{"@type":"EntryPoint","urlTemplate":"https:\/\/anneliese.neudecker.net\/?s={search_term_string}"},"query-input":{"@type":"PropertyValueSpecification","valueRequired":true,"valueName":"search_term_string"}}],"inLanguage":"de-AT"}]}},"_links":{"self":[{"href":"https:\/\/anneliese.neudecker.net\/index.php\/wp-json\/wp\/v2\/pages\/4481","targetHints":{"allow":["GET"]}}],"collection":[{"href":"https:\/\/anneliese.neudecker.net\/index.php\/wp-json\/wp\/v2\/pages"}],"about":[{"href":"https:\/\/anneliese.neudecker.net\/index.php\/wp-json\/wp\/v2\/types\/page"}],"author":[{"embeddable":true,"href":"https:\/\/anneliese.neudecker.net\/index.php\/wp-json\/wp\/v2\/users\/3"}],"replies":[{"embeddable":true,"href":"https:\/\/anneliese.neudecker.net\/index.php\/wp-json\/wp\/v2\/comments?post=4481"}],"version-history":[{"count":109,"href":"https:\/\/anneliese.neudecker.net\/index.php\/wp-json\/wp\/v2\/pages\/4481\/revisions"}],"predecessor-version":[{"id":6028,"href":"https:\/\/anneliese.neudecker.net\/index.php\/wp-json\/wp\/v2\/pages\/4481\/revisions\/6028"}],"wp:attachment":[{"href":"https:\/\/anneliese.neudecker.net\/index.php\/wp-json\/wp\/v2\/media?parent=4481"}],"curies":[{"name":"wp","href":"https:\/\/api.w.org\/{rel}","templated":true}]}}