{"id":1520,"date":"2016-07-05T13:26:01","date_gmt":"2016-07-05T13:26:01","guid":{"rendered":"http:\/\/assemble.edge-themes.com\/?page_id=1520"},"modified":"2022-02-04T17:14:05","modified_gmt":"2022-02-04T16:14:05","slug":"landing","status":"publish","type":"page","link":"https:\/\/anneliese.neudecker.net\/","title":{"rendered":"Home"},"content":{"rendered":"<div class=\"wpb-content-wrapper\"><p>[vc_row row_content_width=&#8220;grid&#8220; content_text_aligment=&#8220;&#8220; use_row_as_full_screen_section=&#8220;no&#8220; css=&#8220;.vc_custom_1636024822112{padding-top: 30px !important;padding-bottom: 80px !important;}&#8220;][vc_column width=&#8220;2\/3&#8243;][vc_column_text]<\/p>\n<h2>ABOUT<\/h2>\n<p>Ich bin freischaffende B\u00fchnenbildnerin f\u00fcr Theater und Oper.<br \/>\nMit meinen Entw\u00fcrfen versuche ich eine eigene Gef\u00fchlswelt auf die B\u00fchne zu bringen, die durch das Spiel der Darsteller und durch alle Mitwirkenden im Arbeitsprozess zum Leben erweckt wird.<br \/>\nB\u00fchnenbild vereint f\u00fcr mich alle K\u00fcnste und Kunstformen, von Architektur \u00fcber bildende und darstellende Kunst, Literatur, Musik, bis hin zur Malerei und Kunstgeschichte, einschlie\u00dflich dem Experimentieren mit Materialien, Formen, Farben und Licht in meinen B\u00fchnenr\u00e4umen.<br \/>\nMeine Projekte brachten mir bisher zahlreiche inspirierende Begegnungen und die Auseinandersetzung mit den jeweiligen Theaterkulturen in Deutschland, in \u00d6sterreich, in der Schweiz, in Frankreich und in den Niederlanden.<br \/>\nIch bin neugierig und offen f\u00fcr neue Arbeitsweisen und Kollaborationen.<\/p>\n<p>&nbsp;<\/p>\n<p>I am a freelance set designer for theatre and opera.<br \/>\nWith my designs I like to create a world of emotions on stage, which is brought to life by the play of the actors and by all those involved in the working process.<br \/>\nFor me, stage design unites all arts and art forms, from architecture to visual and performing arts, literature, music, painting and art history, including experimenting with materials, shapes, colours and light in my stage spaces.<br \/>\nMy projects have provided me with numerous inspiring encounters and the productive involvement with the theatre cultures in Germany, in Austria, in Switzerland, in France and in the Netherlands.<br \/>\nI am curious and open to new ways of working and collaborations.[\/vc_column_text][\/vc_column][vc_column width=&#8220;1\/3&#8243;][\/vc_column][\/vc_row][vc_row content_text_aligment=&#8220;&#8220; use_row_as_full_screen_section=&#8220;no&#8220; css=&#8220;.vc_custom_1639596076873{padding-top: 0px !important;padding-right: 3.7% !important;padding-bottom: 0px !important;padding-left: 3.7% !important;background-color: #f7f7f7 !important;}&#8220;][vc_column]<div class=\"edgtf-portfolio-list-holder edgtf-pl-gallery edgtf-pl-four-columns edgtf-pl-normal-space edgtf-pl-info-on-image-hover edgtf-pl-hover-overlay-background edgtf-pl-has-animation edgtf-pl-has-shadow\"  data-next-page=\"2\" data-type=\"gallery\" data-number-of-columns=\"4\" data-space-between-items=\"normal\" data-number-of-items=\"8\" data-image-proportions=\"landscape\" data-order-by=\"date\" data-order=\"DESC\" data-info-position=\"on-image-hover\" data-image-hover-type1=\"overlay-background\" data-overlay-content-v-align1=\"middle\" data-overlay-content-h-align1=\"center\" data-disable-title=\"no\" data-title-tag=\"h3\" data-disable-category=\"yes\" data-disable-excerpt=\"yes\" data-excerpt-length=\"20\" data-show-load-more=\"no\" data-enable-infinite-scroll=\"no\" data-filter=\"no\" data-filter-order-by=\"name\" data-enable-article-animation=\"yes\" data-enable-variable-width=\"no\" data-pagination=\"yes\" data-max-num-pages=\"6\"><div class=\"edgtf-pl-inner clearfix\"><article class=\"edgtf-pl-item  post-5996 portfolio-item type-portfolio-item status-publish has-post-thumbnail hentry portfolio-category-buehnenbild portfolio-category-kostuembild portfolio-category-musiktheater\">\n\t<div class=\"edgtf-pl-item-inner\">\n\t\t<div class=\"edgtf-pli-image\">\n\t\t\t\t\t\t\t<img loading=\"lazy\" decoding=\"async\" width=\"800\" height=\"600\" src=\"https:\/\/anneliese.neudecker.net\/wp-content\/uploads\/2025\/10\/01_Queens-2025-06-12-HPK_Z9A5790-800x600.jpg\" class=\"attachment-assemble_edge_landscape size-assemble_edge_landscape wp-post-image\" alt=\"\" \/>\t\t\t\t\t\t\t\t\t<\/div>\n\t\t\t\t\t<div class=\"edgtf-pli-text-holder\" style=\"text-align: center\">\n\t\t\t\t<div class=\"edgtf-pli-text-wrapper\">\n\t\t\t\t\t<div class=\"edgtf-pli-text\" style=\"vertical-align: middle\">\n\t\t\t\t\t\t\t\t\t\t\t\t\t\t\t\t\t\t\t<h3 itemprop=\"name\" class=\"edgtf-pli-title entry-title\" >\n\t\t\t\t\t\t\t\tQUEENS NEST I Neue Staatsoper 2025\t\t\t\t\t\t\t<\/h3>\n\t\t\t\t\t\t\n\t\t\t\t\t\t\t\t\t\t\t\n\t\t\t\t\t\t\t\t\t\t\t\t\t\t\t\t\t<\/div>\n\t\t\t\t<\/div>\n\t\t\t<\/div>\n\t\t\t\t<a itemprop=\"url\" class=\"edgtf-pli-link\" href=\"https:\/\/anneliese.neudecker.net\/index.php\/portfolio-item\/queens-nest-i-neue-staatsoper-2025\/\" target=\"_self\"><\/a>\n\t<\/div>\n<\/article><article class=\"edgtf-pl-item  post-5995 portfolio-item type-portfolio-item status-publish has-post-thumbnail hentry portfolio-category-buehnenbild portfolio-category-musiktheater\">\n\t<div class=\"edgtf-pl-item-inner\">\n\t\t<div class=\"edgtf-pli-image\">\n\t\t\t\t\t\t\t<img loading=\"lazy\" decoding=\"async\" width=\"800\" height=\"600\" src=\"https:\/\/anneliese.neudecker.net\/wp-content\/uploads\/2025\/10\/01_SALOME_HP-7730-800x600.jpg\" class=\"attachment-assemble_edge_landscape size-assemble_edge_landscape wp-post-image\" alt=\"\" \/>\t\t\t\t\t\t\t\t\t<\/div>\n\t\t\t\t\t<div class=\"edgtf-pli-text-holder\" style=\"text-align: center\">\n\t\t\t\t<div class=\"edgtf-pli-text-wrapper\">\n\t\t\t\t\t<div class=\"edgtf-pli-text\" style=\"vertical-align: middle\">\n\t\t\t\t\t\t\t\t\t\t\t\t\t\t\t\t\t\t\t<h3 itemprop=\"name\" class=\"edgtf-pli-title entry-title\" >\n\t\t\t\t\t\t\t\tSALOME Theater Magdeburg 2025\t\t\t\t\t\t\t<\/h3>\n\t\t\t\t\t\t\n\t\t\t\t\t\t\t\t\t\t\t\n\t\t\t\t\t\t\t\t\t\t\t\t\t\t\t\t\t<\/div>\n\t\t\t\t<\/div>\n\t\t\t<\/div>\n\t\t\t\t<a itemprop=\"url\" class=\"edgtf-pli-link\" href=\"https:\/\/anneliese.neudecker.net\/index.php\/portfolio-item\/salome-theater-magdeburg-2025\/\" target=\"_self\"><\/a>\n\t<\/div>\n<\/article><article class=\"edgtf-pl-item  post-5974 portfolio-item type-portfolio-item status-publish has-post-thumbnail hentry portfolio-category-buehnenbild portfolio-category-schauspiel\">\n\t<div class=\"edgtf-pl-item-inner\">\n\t\t<div class=\"edgtf-pli-image\">\n\t\t\t\t\t\t\t<img loading=\"lazy\" decoding=\"async\" width=\"800\" height=\"600\" src=\"https:\/\/anneliese.neudecker.net\/wp-content\/uploads\/2025\/10\/01_1T0A6349-1-800x600.jpg\" class=\"attachment-assemble_edge_landscape size-assemble_edge_landscape wp-post-image\" alt=\"\" \/>\t\t\t\t\t\t\t\t\t<\/div>\n\t\t\t\t\t<div class=\"edgtf-pli-text-holder\" style=\"text-align: center\">\n\t\t\t\t<div class=\"edgtf-pli-text-wrapper\">\n\t\t\t\t\t<div class=\"edgtf-pli-text\" style=\"vertical-align: middle\">\n\t\t\t\t\t\t\t\t\t\t\t\t\t\t\t\t\t\t\t<h3 itemprop=\"name\" class=\"edgtf-pli-title entry-title\" >\n\t\t\t\t\t\t\t\tWOYZECK Teatro Stabile Sloveno Trieste 2024\t\t\t\t\t\t\t<\/h3>\n\t\t\t\t\t\t\n\t\t\t\t\t\t\t\t\t\t\t\n\t\t\t\t\t\t\t\t\t\t\t\t\t\t\t\t\t<\/div>\n\t\t\t\t<\/div>\n\t\t\t<\/div>\n\t\t\t\t<a itemprop=\"url\" class=\"edgtf-pli-link\" href=\"https:\/\/anneliese.neudecker.net\/index.php\/portfolio-item\/woyzeck-teatro-stabile-sloveno-trieste-2024\/\" target=\"_self\"><\/a>\n\t<\/div>\n<\/article><article class=\"edgtf-pl-item  post-5959 portfolio-item type-portfolio-item status-publish has-post-thumbnail hentry portfolio-category-buehnenbild portfolio-category-musiktheater\">\n\t<div class=\"edgtf-pl-item-inner\">\n\t\t<div class=\"edgtf-pli-image\">\n\t\t\t\t\t\t\t<img loading=\"lazy\" decoding=\"async\" width=\"800\" height=\"600\" src=\"https:\/\/anneliese.neudecker.net\/wp-content\/uploads\/2025\/10\/01_piljoo-2-_A7R4573-800x600.jpg\" class=\"attachment-assemble_edge_landscape size-assemble_edge_landscape wp-post-image\" alt=\"\" \/>\t\t\t\t\t\t\t\t\t<\/div>\n\t\t\t\t\t<div class=\"edgtf-pli-text-holder\" style=\"text-align: center\">\n\t\t\t\t<div class=\"edgtf-pli-text-wrapper\">\n\t\t\t\t\t<div class=\"edgtf-pli-text\" style=\"vertical-align: middle\">\n\t\t\t\t\t\t\t\t\t\t\t\t\t\t\t\t\t\t\t<h3 itemprop=\"name\" class=\"edgtf-pli-title entry-title\" >\n\t\t\t\t\t\t\t\tDIE TOTE STADT Korea National Opera 2024\t\t\t\t\t\t\t<\/h3>\n\t\t\t\t\t\t\n\t\t\t\t\t\t\t\t\t\t\t\n\t\t\t\t\t\t\t\t\t\t\t\t\t\t\t\t\t<\/div>\n\t\t\t\t<\/div>\n\t\t\t<\/div>\n\t\t\t\t<a itemprop=\"url\" class=\"edgtf-pli-link\" href=\"https:\/\/anneliese.neudecker.net\/index.php\/portfolio-item\/die-tote-stadt-korea-national-opera-2024\/\" target=\"_self\"><\/a>\n\t<\/div>\n<\/article><article class=\"edgtf-pl-item  post-5946 portfolio-item type-portfolio-item status-publish has-post-thumbnail hentry portfolio-category-buehnenbild portfolio-category-schauspiel\">\n\t<div class=\"edgtf-pl-item-inner\">\n\t\t<div class=\"edgtf-pli-image\">\n\t\t\t\t\t\t\t<img loading=\"lazy\" decoding=\"async\" width=\"800\" height=\"600\" src=\"https:\/\/anneliese.neudecker.net\/wp-content\/uploads\/2025\/10\/01_20240305_AUSLOESCHUNG_HP1_STAATSTHEATERDA_NH0862_WEB-800x600.jpg\" class=\"attachment-assemble_edge_landscape size-assemble_edge_landscape wp-post-image\" alt=\"\" \/>\t\t\t\t\t\t\t\t\t<\/div>\n\t\t\t\t\t<div class=\"edgtf-pli-text-holder\" style=\"text-align: center\">\n\t\t\t\t<div class=\"edgtf-pli-text-wrapper\">\n\t\t\t\t\t<div class=\"edgtf-pli-text\" style=\"vertical-align: middle\">\n\t\t\t\t\t\t\t\t\t\t\t\t\t\t\t\t\t\t\t<h3 itemprop=\"name\" class=\"edgtf-pli-title entry-title\" >\n\t\t\t\t\t\t\t\tAUSL\u00d6SCHUNG Staatstheater Darmstadt 2024\t\t\t\t\t\t\t<\/h3>\n\t\t\t\t\t\t\n\t\t\t\t\t\t\t\t\t\t\t\n\t\t\t\t\t\t\t\t\t\t\t\t\t\t\t\t\t<\/div>\n\t\t\t\t<\/div>\n\t\t\t<\/div>\n\t\t\t\t<a itemprop=\"url\" class=\"edgtf-pli-link\" href=\"https:\/\/anneliese.neudecker.net\/index.php\/portfolio-item\/ausloeschung-staatstheater-darmstadt-2024\/\" target=\"_self\"><\/a>\n\t<\/div>\n<\/article><article class=\"edgtf-pl-item  post-5932 portfolio-item type-portfolio-item status-publish has-post-thumbnail hentry portfolio-category-buehnenbild portfolio-category-kostuembild portfolio-category-schauspiel\">\n\t<div class=\"edgtf-pl-item-inner\">\n\t\t<div class=\"edgtf-pli-image\">\n\t\t\t\t\t\t\t<img loading=\"lazy\" decoding=\"async\" width=\"800\" height=\"600\" src=\"https:\/\/anneliese.neudecker.net\/wp-content\/uploads\/2025\/10\/01_AMERISKI_SEN_arhiv_NEOBDELANA_LowRes\u00a9PeterUhan_166-800x600.jpg\" class=\"attachment-assemble_edge_landscape size-assemble_edge_landscape wp-post-image\" alt=\"\" \/>\t\t\t\t\t\t\t\t\t<\/div>\n\t\t\t\t\t<div class=\"edgtf-pli-text-holder\" style=\"text-align: center\">\n\t\t\t\t<div class=\"edgtf-pli-text-wrapper\">\n\t\t\t\t\t<div class=\"edgtf-pli-text\" style=\"vertical-align: middle\">\n\t\t\t\t\t\t\t\t\t\t\t\t\t\t\t\t\t\t\t<h3 itemprop=\"name\" class=\"edgtf-pli-title entry-title\" >\n\t\t\t\t\t\t\t\tTHE AMERICAN DREAM Nationaltheater Ljubljana 2024\t\t\t\t\t\t\t<\/h3>\n\t\t\t\t\t\t\n\t\t\t\t\t\t\t\t\t\t\t\n\t\t\t\t\t\t\t\t\t\t\t\t\t\t\t\t\t<\/div>\n\t\t\t\t<\/div>\n\t\t\t<\/div>\n\t\t\t\t<a itemprop=\"url\" class=\"edgtf-pli-link\" href=\"https:\/\/anneliese.neudecker.net\/index.php\/portfolio-item\/the-american-dream-nationaltheater-ljubljana-2024\/\" target=\"_self\"><\/a>\n\t<\/div>\n<\/article><article class=\"edgtf-pl-item  post-5923 portfolio-item type-portfolio-item status-publish has-post-thumbnail hentry portfolio-category-buehnenbild portfolio-category-schauspiel\">\n\t<div class=\"edgtf-pl-item-inner\">\n\t\t<div class=\"edgtf-pli-image\">\n\t\t\t\t\t\t\t<img loading=\"lazy\" decoding=\"async\" width=\"800\" height=\"600\" src=\"https:\/\/anneliese.neudecker.net\/wp-content\/uploads\/2025\/10\/01_Liebe-Gruesse-oder-wohin-das-Leben-faellt_c_Luiza-Puiu_4402-265-800x600.jpg\" class=\"attachment-assemble_edge_landscape size-assemble_edge_landscape wp-post-image\" alt=\"\" \/>\t\t\t\t\t\t\t\t\t<\/div>\n\t\t\t\t\t<div class=\"edgtf-pli-text-holder\" style=\"text-align: center\">\n\t\t\t\t<div class=\"edgtf-pli-text-wrapper\">\n\t\t\t\t\t<div class=\"edgtf-pli-text\" style=\"vertical-align: middle\">\n\t\t\t\t\t\t\t\t\t\t\t\t\t\t\t\t\t\t\t<h3 itemprop=\"name\" class=\"edgtf-pli-title entry-title\" >\n\t\t\t\t\t\t\t\tLIEBE GR\u00dcSSE Burgtheater 2023\t\t\t\t\t\t\t<\/h3>\n\t\t\t\t\t\t\n\t\t\t\t\t\t\t\t\t\t\t\n\t\t\t\t\t\t\t\t\t\t\t\t\t\t\t\t\t<\/div>\n\t\t\t\t<\/div>\n\t\t\t<\/div>\n\t\t\t\t<a itemprop=\"url\" class=\"edgtf-pli-link\" href=\"https:\/\/anneliese.neudecker.net\/index.php\/portfolio-item\/liebe-gruesse-burgtheater-2023\/\" target=\"_self\"><\/a>\n\t<\/div>\n<\/article><article class=\"edgtf-pl-item  post-5910 portfolio-item type-portfolio-item status-publish has-post-thumbnail hentry portfolio-category-buehnenbild portfolio-category-schauspiel\">\n\t<div class=\"edgtf-pl-item-inner\">\n\t\t<div class=\"edgtf-pli-image\">\n\t\t\t\t\t\t\t<img loading=\"lazy\" decoding=\"async\" width=\"800\" height=\"600\" src=\"https:\/\/anneliese.neudecker.net\/wp-content\/uploads\/2025\/10\/01_BAST_Mephisto_GP0581-800x600.jpg\" class=\"attachment-assemble_edge_landscape size-assemble_edge_landscape wp-post-image\" alt=\"\" \/>\t\t\t\t\t\t\t\t\t<\/div>\n\t\t\t\t\t<div class=\"edgtf-pli-text-holder\" style=\"text-align: center\">\n\t\t\t\t<div class=\"edgtf-pli-text-wrapper\">\n\t\t\t\t\t<div class=\"edgtf-pli-text\" style=\"vertical-align: middle\">\n\t\t\t\t\t\t\t\t\t\t\t\t\t\t\t\t\t\t\t<h3 itemprop=\"name\" class=\"edgtf-pli-title entry-title\" >\n\t\t\t\t\t\t\t\tMEPHISTO Staatstheater Karlsruhe 2023\t\t\t\t\t\t\t<\/h3>\n\t\t\t\t\t\t\n\t\t\t\t\t\t\t\t\t\t\t\n\t\t\t\t\t\t\t\t\t\t\t\t\t\t\t\t\t<\/div>\n\t\t\t\t<\/div>\n\t\t\t<\/div>\n\t\t\t\t<a itemprop=\"url\" class=\"edgtf-pli-link\" href=\"https:\/\/anneliese.neudecker.net\/index.php\/portfolio-item\/mephisto-staatstheater-karlsruhe-2023\/\" target=\"_self\"><\/a>\n\t<\/div>\n<\/article><\/div><\/div>[\/vc_column][\/vc_row]<\/p>\n<\/div>","protected":false},"excerpt":{"rendered":"<p>[vc_row row_content_width=&#8220;grid&#8220; content_text_aligment=&#8220;&#8220; use_row_as_full_screen_section=&#8220;no&#8220; css=&#8220;.vc_custom_1636024822112{padding-top: 30px !important;padding-bottom: 80px !important;}&#8220;][vc_column width=&#8220;2\/3&#8243;][vc_column_text] ABOUT Ich bin freischaffende B\u00fchnenbildnerin f\u00fcr Theater und Oper. Mit meinen Entw\u00fcrfen versuche ich eine eigene Gef\u00fchlswelt auf die B\u00fchne zu bringen, die durch das Spiel der Darsteller und durch alle Mitwirkenden im Arbeitsprozess zum [&hellip;]<\/p>\n","protected":false},"author":3,"featured_media":0,"parent":0,"menu_order":0,"comment_status":"closed","ping_status":"closed","template":"full-width.php","meta":{"footnotes":""},"class_list":["post-1520","page","type-page","status-publish","hentry"],"yoast_head":"<!-- This site is optimized with the Yoast SEO plugin v27.5 - https:\/\/yoast.com\/product\/yoast-seo-wordpress\/ -->\n<title>Home - Anneliese Neudecker<\/title>\n<meta name=\"robots\" content=\"index, follow, max-snippet:-1, max-image-preview:large, max-video-preview:-1\" \/>\n<link rel=\"canonical\" href=\"https:\/\/anneliese.neudecker.net\/\" \/>\n<meta property=\"og:locale\" content=\"de_DE\" \/>\n<meta property=\"og:type\" content=\"article\" \/>\n<meta property=\"og:title\" content=\"Home - Anneliese Neudecker\" \/>\n<meta property=\"og:description\" content=\"[vc_row row_content_width=&#8220;grid&#8220; content_text_aligment=&#8220;&#8220; use_row_as_full_screen_section=&#8220;no&#8220; css=&#8220;.vc_custom_1636024822112{padding-top: 30px !important;padding-bottom: 80px !important;}&#8220;][vc_column width=&#8220;2\/3&#8243;][vc_column_text] ABOUT Ich bin freischaffende B\u00fchnenbildnerin f\u00fcr Theater und Oper. Mit meinen Entw\u00fcrfen versuche ich eine eigene Gef\u00fchlswelt auf die B\u00fchne zu bringen, die durch das Spiel der Darsteller und durch alle Mitwirkenden im Arbeitsprozess zum [&hellip;]\" \/>\n<meta property=\"og:url\" content=\"https:\/\/anneliese.neudecker.net\/\" \/>\n<meta property=\"og:site_name\" content=\"Anneliese Neudecker\" \/>\n<meta property=\"article:modified_time\" content=\"2022-02-04T16:14:05+00:00\" \/>\n<meta name=\"twitter:card\" content=\"summary_large_image\" \/>\n<meta name=\"twitter:label1\" content=\"Gesch\u00e4tzte Lesezeit\" \/>\n\t<meta name=\"twitter:data1\" content=\"2 Minuten\" \/>\n<script type=\"application\/ld+json\" class=\"yoast-schema-graph\">{\"@context\":\"https:\\\/\\\/schema.org\",\"@graph\":[{\"@type\":\"WebPage\",\"@id\":\"https:\\\/\\\/anneliese.neudecker.net\\\/\",\"url\":\"https:\\\/\\\/anneliese.neudecker.net\\\/\",\"name\":\"Home - Anneliese Neudecker\",\"isPartOf\":{\"@id\":\"https:\\\/\\\/anneliese.neudecker.net\\\/#website\"},\"datePublished\":\"2016-07-05T13:26:01+00:00\",\"dateModified\":\"2022-02-04T16:14:05+00:00\",\"breadcrumb\":{\"@id\":\"https:\\\/\\\/anneliese.neudecker.net\\\/#breadcrumb\"},\"inLanguage\":\"de-AT\",\"potentialAction\":[{\"@type\":\"ReadAction\",\"target\":[\"https:\\\/\\\/anneliese.neudecker.net\\\/\"]}]},{\"@type\":\"BreadcrumbList\",\"@id\":\"https:\\\/\\\/anneliese.neudecker.net\\\/#breadcrumb\",\"itemListElement\":[{\"@type\":\"ListItem\",\"position\":1,\"name\":\"Home\",\"item\":\"https:\\\/\\\/anneliese.neudecker.net\\\/\"},{\"@type\":\"ListItem\",\"position\":2,\"name\":\"Home\"}]},{\"@type\":\"WebSite\",\"@id\":\"https:\\\/\\\/anneliese.neudecker.net\\\/#website\",\"url\":\"https:\\\/\\\/anneliese.neudecker.net\\\/\",\"name\":\"Anneliese Neudecker\",\"description\":\"B\u00fchnenbild\",\"potentialAction\":[{\"@type\":\"SearchAction\",\"target\":{\"@type\":\"EntryPoint\",\"urlTemplate\":\"https:\\\/\\\/anneliese.neudecker.net\\\/?s={search_term_string}\"},\"query-input\":{\"@type\":\"PropertyValueSpecification\",\"valueRequired\":true,\"valueName\":\"search_term_string\"}}],\"inLanguage\":\"de-AT\"}]}<\/script>\n<!-- \/ Yoast SEO plugin. -->","yoast_head_json":{"title":"Home - Anneliese Neudecker","robots":{"index":"index","follow":"follow","max-snippet":"max-snippet:-1","max-image-preview":"max-image-preview:large","max-video-preview":"max-video-preview:-1"},"canonical":"https:\/\/anneliese.neudecker.net\/","og_locale":"de_DE","og_type":"article","og_title":"Home - Anneliese Neudecker","og_description":"[vc_row row_content_width=&#8220;grid&#8220; content_text_aligment=&#8220;&#8220; use_row_as_full_screen_section=&#8220;no&#8220; css=&#8220;.vc_custom_1636024822112{padding-top: 30px !important;padding-bottom: 80px !important;}&#8220;][vc_column width=&#8220;2\/3&#8243;][vc_column_text] ABOUT Ich bin freischaffende B\u00fchnenbildnerin f\u00fcr Theater und Oper. Mit meinen Entw\u00fcrfen versuche ich eine eigene Gef\u00fchlswelt auf die B\u00fchne zu bringen, die durch das Spiel der Darsteller und durch alle Mitwirkenden im Arbeitsprozess zum [&hellip;]","og_url":"https:\/\/anneliese.neudecker.net\/","og_site_name":"Anneliese Neudecker","article_modified_time":"2022-02-04T16:14:05+00:00","twitter_card":"summary_large_image","twitter_misc":{"Gesch\u00e4tzte Lesezeit":"2 Minuten"},"schema":{"@context":"https:\/\/schema.org","@graph":[{"@type":"WebPage","@id":"https:\/\/anneliese.neudecker.net\/","url":"https:\/\/anneliese.neudecker.net\/","name":"Home - Anneliese Neudecker","isPartOf":{"@id":"https:\/\/anneliese.neudecker.net\/#website"},"datePublished":"2016-07-05T13:26:01+00:00","dateModified":"2022-02-04T16:14:05+00:00","breadcrumb":{"@id":"https:\/\/anneliese.neudecker.net\/#breadcrumb"},"inLanguage":"de-AT","potentialAction":[{"@type":"ReadAction","target":["https:\/\/anneliese.neudecker.net\/"]}]},{"@type":"BreadcrumbList","@id":"https:\/\/anneliese.neudecker.net\/#breadcrumb","itemListElement":[{"@type":"ListItem","position":1,"name":"Home","item":"https:\/\/anneliese.neudecker.net\/"},{"@type":"ListItem","position":2,"name":"Home"}]},{"@type":"WebSite","@id":"https:\/\/anneliese.neudecker.net\/#website","url":"https:\/\/anneliese.neudecker.net\/","name":"Anneliese Neudecker","description":"B\u00fchnenbild","potentialAction":[{"@type":"SearchAction","target":{"@type":"EntryPoint","urlTemplate":"https:\/\/anneliese.neudecker.net\/?s={search_term_string}"},"query-input":{"@type":"PropertyValueSpecification","valueRequired":true,"valueName":"search_term_string"}}],"inLanguage":"de-AT"}]}},"_links":{"self":[{"href":"https:\/\/anneliese.neudecker.net\/index.php\/wp-json\/wp\/v2\/pages\/1520","targetHints":{"allow":["GET"]}}],"collection":[{"href":"https:\/\/anneliese.neudecker.net\/index.php\/wp-json\/wp\/v2\/pages"}],"about":[{"href":"https:\/\/anneliese.neudecker.net\/index.php\/wp-json\/wp\/v2\/types\/page"}],"author":[{"embeddable":true,"href":"https:\/\/anneliese.neudecker.net\/index.php\/wp-json\/wp\/v2\/users\/3"}],"replies":[{"embeddable":true,"href":"https:\/\/anneliese.neudecker.net\/index.php\/wp-json\/wp\/v2\/comments?post=1520"}],"version-history":[{"count":48,"href":"https:\/\/anneliese.neudecker.net\/index.php\/wp-json\/wp\/v2\/pages\/1520\/revisions"}],"predecessor-version":[{"id":5369,"href":"https:\/\/anneliese.neudecker.net\/index.php\/wp-json\/wp\/v2\/pages\/1520\/revisions\/5369"}],"wp:attachment":[{"href":"https:\/\/anneliese.neudecker.net\/index.php\/wp-json\/wp\/v2\/media?parent=1520"}],"curies":[{"name":"wp","href":"https:\/\/api.w.org\/{rel}","templated":true}]}}